{"id":1908,"date":"2021-12-15T16:06:12","date_gmt":"2021-12-15T16:06:12","guid":{"rendered":"https:\/\/vsgrossenzersdorf.ac.at\/?page_id=1908"},"modified":"2025-11-02T12:35:25","modified_gmt":"2025-11-02T12:35:25","slug":"unser-team-2","status":"publish","type":"page","link":"https:\/\/vsgrossenzersdorf.ac.at\/?page_id=1908","title":{"rendered":"DAS SIND WIR"},"content":{"rendered":"<h4><img loading=\"lazy\" decoding=\"async\" class=\"aligncenter wp-image-2942 size-large\" src=\"https:\/\/vsgrossenzersdorf.ac.at\/wp-content\/uploads\/2025\/11\/28481148-1024x683.jpg\" alt=\"\" width=\"840\" height=\"560\" srcset=\"https:\/\/vsgrossenzersdorf.ac.at\/wp-content\/uploads\/2025\/11\/28481148-1024x683.jpg 1024w, https:\/\/vsgrossenzersdorf.ac.at\/wp-content\/uploads\/2025\/11\/28481148-300x200.jpg 300w, https:\/\/vsgrossenzersdorf.ac.at\/wp-content\/uploads\/2025\/11\/28481148-768x512.jpg 768w, https:\/\/vsgrossenzersdorf.ac.at\/wp-content\/uploads\/2025\/11\/28481148-1536x1024.jpg 1536w, https:\/\/vsgrossenzersdorf.ac.at\/wp-content\/uploads\/2025\/11\/28481148-2048x1366.jpg 2048w, https:\/\/vsgrossenzersdorf.ac.at\/wp-content\/uploads\/2025\/11\/28481148-90x60.jpg 90w, https:\/\/vsgrossenzersdorf.ac.at\/wp-content\/uploads\/2025\/11\/28481148-420x280.jpg 420w\" sizes=\"auto, (max-width: 840px) 100vw, 840px\" \/><img loading=\"lazy\" decoding=\"async\" class=\"wp-image-2940 size-large aligncenter\" src=\"https:\/\/vsgrossenzersdorf.ac.at\/wp-content\/uploads\/2025\/11\/2848Team-1024x717.jpg\" alt=\"\" width=\"840\" height=\"588\" srcset=\"https:\/\/vsgrossenzersdorf.ac.at\/wp-content\/uploads\/2025\/11\/2848Team-1024x717.jpg 1024w, https:\/\/vsgrossenzersdorf.ac.at\/wp-content\/uploads\/2025\/11\/2848Team-300x210.jpg 300w, https:\/\/vsgrossenzersdorf.ac.at\/wp-content\/uploads\/2025\/11\/2848Team-768x537.jpg 768w, https:\/\/vsgrossenzersdorf.ac.at\/wp-content\/uploads\/2025\/11\/2848Team-1536x1075.jpg 1536w, https:\/\/vsgrossenzersdorf.ac.at\/wp-content\/uploads\/2025\/11\/2848Team-2048x1433.jpg 2048w, https:\/\/vsgrossenzersdorf.ac.at\/wp-content\/uploads\/2025\/11\/2848Team-86x60.jpg 86w\" sizes=\"auto, (max-width: 840px) 100vw, 840px\" \/><\/h4>\n<h4 style=\"text-align: left;\">Wir sind ein junges, dynamisches Team.<\/h4>\n<h4 style=\"text-align: left;\">Zu unseren St\u00e4rken z\u00e4hlen:<\/h4>\n<ul style=\"list-style-type: disc;\">\n<li style=\"text-align: left;\">\n<h4 style=\"text-align: left;\">Flexibilit\u00e4t<\/h4>\n<\/li>\n<li style=\"text-align: left;\">\n<h4>gegenseitige Unterst\u00fctzung<\/h4>\n<\/li>\n<li style=\"text-align: left;\">\n<h4>Moderdnit\u00e4t und Einsatz von digitalen Medien<\/h4>\n<\/li>\n<li style=\"text-align: left;\">\n<h4>Vielseitigkeit<\/h4>\n<\/li>\n<li style=\"text-align: left;\">\n<h4>Motviation<\/h4>\n<\/li>\n<li style=\"text-align: center;\">\n<h4 style=\"text-align: left;\">St\u00e4rkenorientiertheit<\/h4>\n<\/li>\n<\/ul>\n<h4 style=\"text-align: center;\"><strong data-start=\"320\" data-end=\"357\">Wir &#8211; bunt, vielf\u00e4ltig, gemeinsam<\/strong><\/h4>\n<p><img loading=\"lazy\" decoding=\"async\" class=\"alignnone wp-image-2939 size-full\" src=\"https:\/\/vsgrossenzersdorf.ac.at\/wp-content\/uploads\/2025\/11\/2848LehrerSpass-scaled.jpg\" alt=\"\" width=\"2560\" height=\"1791\" srcset=\"https:\/\/vsgrossenzersdorf.ac.at\/wp-content\/uploads\/2025\/11\/2848LehrerSpass-scaled.jpg 2560w, https:\/\/vsgrossenzersdorf.ac.at\/wp-content\/uploads\/2025\/11\/2848LehrerSpass-300x210.jpg 300w, https:\/\/vsgrossenzersdorf.ac.at\/wp-content\/uploads\/2025\/11\/2848LehrerSpass-1024x717.jpg 1024w, https:\/\/vsgrossenzersdorf.ac.at\/wp-content\/uploads\/2025\/11\/2848LehrerSpass-768x537.jpg 768w, https:\/\/vsgrossenzersdorf.ac.at\/wp-content\/uploads\/2025\/11\/2848LehrerSpass-1536x1075.jpg 1536w, https:\/\/vsgrossenzersdorf.ac.at\/wp-content\/uploads\/2025\/11\/2848LehrerSpass-2048x1433.jpg 2048w, https:\/\/vsgrossenzersdorf.ac.at\/wp-content\/uploads\/2025\/11\/2848LehrerSpass-86x60.jpg 86w\" sizes=\"auto, (max-width: 2560px) 100vw, 2560px\" \/><\/p>\n<p><img loading=\"lazy\" decoding=\"async\" class=\"aligncenter wp-image-2941 size-full\" src=\"https:\/\/vsgrossenzersdorf.ac.at\/wp-content\/uploads\/2025\/11\/2848TeamSpass-scaled.jpg\" alt=\"\" width=\"2560\" height=\"1791\" srcset=\"https:\/\/vsgrossenzersdorf.ac.at\/wp-content\/uploads\/2025\/11\/2848TeamSpass-scaled.jpg 2560w, https:\/\/vsgrossenzersdorf.ac.at\/wp-content\/uploads\/2025\/11\/2848TeamSpass-300x210.jpg 300w, https:\/\/vsgrossenzersdorf.ac.at\/wp-content\/uploads\/2025\/11\/2848TeamSpass-1024x717.jpg 1024w, https:\/\/vsgrossenzersdorf.ac.at\/wp-content\/uploads\/2025\/11\/2848TeamSpass-768x537.jpg 768w, https:\/\/vsgrossenzersdorf.ac.at\/wp-content\/uploads\/2025\/11\/2848TeamSpass-1536x1075.jpg 1536w, https:\/\/vsgrossenzersdorf.ac.at\/wp-content\/uploads\/2025\/11\/2848TeamSpass-2048x1433.jpg 2048w, https:\/\/vsgrossenzersdorf.ac.at\/wp-content\/uploads\/2025\/11\/2848TeamSpass-86x60.jpg 86w\" sizes=\"auto, (max-width: 2560px) 100vw, 2560px\" \/><\/p>\n","protected":false},"excerpt":{"rendered":"<p>Wir sind ein junges, dynamisches Team. Zu unseren St\u00e4rken z\u00e4hlen: Flexibilit\u00e4t gegenseitige Unterst\u00fctzung Moderdnit\u00e4t und Einsatz von digitalen Medien Vielseitigkeit Motviation St\u00e4rkenorientiertheit Wir &#8211; bunt, &hellip; <\/p>\n","protected":false},"author":2,"featured_media":0,"parent":0,"menu_order":0,"comment_status":"closed","ping_status":"closed","template":"","meta":{"footnotes":""},"class_list":["post-1908","page","type-page","status-publish","hentry"],"_links":{"self":[{"href":"https:\/\/vsgrossenzersdorf.ac.at\/index.php?rest_route=\/wp\/v2\/pages\/1908","targetHints":{"allow":["GET"]}}],"collection":[{"href":"https:\/\/vsgrossenzersdorf.ac.at\/index.php?rest_route=\/wp\/v2\/pages"}],"about":[{"href":"https:\/\/vsgrossenzersdorf.ac.at\/index.php?rest_route=\/wp\/v2\/types\/page"}],"author":[{"embeddable":true,"href":"https:\/\/vsgrossenzersdorf.ac.at\/index.php?rest_route=\/wp\/v2\/users\/2"}],"replies":[{"embeddable":true,"href":"https:\/\/vsgrossenzersdorf.ac.at\/index.php?rest_route=%2Fwp%2Fv2%2Fcomments&post=1908"}],"version-history":[{"count":31,"href":"https:\/\/vsgrossenzersdorf.ac.at\/index.php?rest_route=\/wp\/v2\/pages\/1908\/revisions"}],"predecessor-version":[{"id":2950,"href":"https:\/\/vsgrossenzersdorf.ac.at\/index.php?rest_route=\/wp\/v2\/pages\/1908\/revisions\/2950"}],"wp:attachment":[{"href":"https:\/\/vsgrossenzersdorf.ac.at\/index.php?rest_route=%2Fwp%2Fv2%2Fmedia&parent=1908"}],"curies":[{"name":"wp","href":"https:\/\/api.w.org\/{rel}","templated":true}]}}