{"id":229,"date":"2018-11-25T16:37:45","date_gmt":"2018-11-25T16:37:45","guid":{"rendered":"http:\/\/vsgrossenzersdorf.ac.at\/?page_id=229"},"modified":"2026-04-16T07:32:05","modified_gmt":"2026-04-16T07:32:05","slug":"herzlich-willkommen-2","status":"publish","type":"page","link":"https:\/\/vsgrossenzersdorf.ac.at\/","title":{"rendered":""},"content":{"rendered":"<h3 style=\"text-align: center;\"><span style=\"color: #0ecf52;\">Herzlich willkommen in der Volksschule Gro\u00df-Enzersdorf<\/span><\/h3>\n<p><img loading=\"lazy\" decoding=\"async\" class=\"aligncenter wp-image-2260 size-full\" src=\"https:\/\/vsgrossenzersdorf.ac.at\/wp-content\/uploads\/2023\/08\/2-scaled.jpg\" alt=\"\" width=\"2560\" height=\"1440\" srcset=\"https:\/\/vsgrossenzersdorf.ac.at\/wp-content\/uploads\/2023\/08\/2-scaled.jpg 2560w, https:\/\/vsgrossenzersdorf.ac.at\/wp-content\/uploads\/2023\/08\/2-300x169.jpg 300w, https:\/\/vsgrossenzersdorf.ac.at\/wp-content\/uploads\/2023\/08\/2-1024x576.jpg 1024w, https:\/\/vsgrossenzersdorf.ac.at\/wp-content\/uploads\/2023\/08\/2-768x432.jpg 768w, https:\/\/vsgrossenzersdorf.ac.at\/wp-content\/uploads\/2023\/08\/2-1536x864.jpg 1536w, https:\/\/vsgrossenzersdorf.ac.at\/wp-content\/uploads\/2023\/08\/2-2048x1152.jpg 2048w\" sizes=\"auto, (max-width: 2560px) 100vw, 2560px\" \/><\/p>\n<h3 style=\"text-align: center;\">WIR SIND STOLZ AUF UNSERE SCHULE!<\/h3>\n<p style=\"text-align: center;\">Wir &#8211; die Volksschule Gro\u00df-Enzersdorf &#8211;<\/p>\n<p style=\"text-align: center;\">m\u00f6chten Ihrem Kind, von klein auf, einen erfolgreichen Start in den Schulalltag erm\u00f6glichen und einen bestm\u00f6glichen Grundstein f\u00fcr die weitere Schullaufbahn legen.<\/p>\n<p style=\"text-align: center;\">Unsere Sch\u00fclerInnen liegen uns am Herzen und sollen sich in unserem Schulhaus immer willkommen f\u00fchlen!<\/p>\n<h3 style=\"text-align: center;\">EINRICHTUNG<\/h3>\n<div id='gallery-1' class='gallery galleryid-229 gallery-columns-2 gallery-size-large'><figure class='gallery-item'>\r\n    \t\t<div class='gallery-icon landscape'>\r\n    \t\t\t<a href='https:\/\/vsgrossenzersdorf.ac.at\/?attachment_id=1929'><img loading=\"lazy\" decoding=\"async\" width=\"840\" height=\"473\" src=\"https:\/\/vsgrossenzersdorf.ac.at\/wp-content\/uploads\/2022\/10\/2-3-1024x576.jpg\" class=\"attachment-large size-large\" alt=\"\" srcset=\"https:\/\/vsgrossenzersdorf.ac.at\/wp-content\/uploads\/2022\/10\/2-3-1024x576.jpg 1024w, https:\/\/vsgrossenzersdorf.ac.at\/wp-content\/uploads\/2022\/10\/2-3-300x169.jpg 300w, https:\/\/vsgrossenzersdorf.ac.at\/wp-content\/uploads\/2022\/10\/2-3-768x432.jpg 768w, https:\/\/vsgrossenzersdorf.ac.at\/wp-content\/uploads\/2022\/10\/2-3-1536x864.jpg 1536w, https:\/\/vsgrossenzersdorf.ac.at\/wp-content\/uploads\/2022\/10\/2-3-2048x1152.jpg 2048w\" sizes=\"auto, (max-width: 840px) 100vw, 840px\" \/><\/a>\r\n    \t\t<\/div><\/figure><figure class='gallery-item'>\r\n    \t\t<div class='gallery-icon landscape'>\r\n    \t\t\t<a href='https:\/\/vsgrossenzersdorf.ac.at\/?attachment_id=1927'><img loading=\"lazy\" decoding=\"async\" width=\"840\" height=\"473\" src=\"https:\/\/vsgrossenzersdorf.ac.at\/wp-content\/uploads\/2022\/10\/3-1024x576.jpg\" class=\"attachment-large size-large\" alt=\"\" srcset=\"https:\/\/vsgrossenzersdorf.ac.at\/wp-content\/uploads\/2022\/10\/3-1024x576.jpg 1024w, https:\/\/vsgrossenzersdorf.ac.at\/wp-content\/uploads\/2022\/10\/3-300x169.jpg 300w, https:\/\/vsgrossenzersdorf.ac.at\/wp-content\/uploads\/2022\/10\/3-768x432.jpg 768w, https:\/\/vsgrossenzersdorf.ac.at\/wp-content\/uploads\/2022\/10\/3-1536x864.jpg 1536w, https:\/\/vsgrossenzersdorf.ac.at\/wp-content\/uploads\/2022\/10\/3-2048x1152.jpg 2048w\" sizes=\"auto, (max-width: 840px) 100vw, 840px\" \/><\/a>\r\n    \t\t<\/div><\/figure><figure class='gallery-item'>\r\n    \t\t<div class='gallery-icon landscape'>\r\n    \t\t\t<a href='https:\/\/vsgrossenzersdorf.ac.at\/?attachment_id=1925'><img loading=\"lazy\" decoding=\"async\" width=\"840\" height=\"473\" src=\"https:\/\/vsgrossenzersdorf.ac.at\/wp-content\/uploads\/2022\/10\/4-1024x576.jpg\" class=\"attachment-large size-large\" alt=\"\" srcset=\"https:\/\/vsgrossenzersdorf.ac.at\/wp-content\/uploads\/2022\/10\/4-1024x576.jpg 1024w, https:\/\/vsgrossenzersdorf.ac.at\/wp-content\/uploads\/2022\/10\/4-300x169.jpg 300w, https:\/\/vsgrossenzersdorf.ac.at\/wp-content\/uploads\/2022\/10\/4-768x432.jpg 768w, https:\/\/vsgrossenzersdorf.ac.at\/wp-content\/uploads\/2022\/10\/4-1536x864.jpg 1536w, https:\/\/vsgrossenzersdorf.ac.at\/wp-content\/uploads\/2022\/10\/4-2048x1152.jpg 2048w\" sizes=\"auto, (max-width: 840px) 100vw, 840px\" \/><\/a>\r\n    \t\t<\/div><\/figure><figure class='gallery-item'>\r\n    \t\t<div class='gallery-icon landscape'>\r\n    \t\t\t<a href='https:\/\/vsgrossenzersdorf.ac.at\/?attachment_id=1924'><img loading=\"lazy\" decoding=\"async\" width=\"840\" height=\"473\" src=\"https:\/\/vsgrossenzersdorf.ac.at\/wp-content\/uploads\/2022\/10\/5-1024x576.jpg\" class=\"attachment-large size-large\" alt=\"\" srcset=\"https:\/\/vsgrossenzersdorf.ac.at\/wp-content\/uploads\/2022\/10\/5-1024x576.jpg 1024w, https:\/\/vsgrossenzersdorf.ac.at\/wp-content\/uploads\/2022\/10\/5-300x169.jpg 300w, https:\/\/vsgrossenzersdorf.ac.at\/wp-content\/uploads\/2022\/10\/5-768x432.jpg 768w, https:\/\/vsgrossenzersdorf.ac.at\/wp-content\/uploads\/2022\/10\/5-1536x864.jpg 1536w, https:\/\/vsgrossenzersdorf.ac.at\/wp-content\/uploads\/2022\/10\/5-2048x1152.jpg 2048w\" sizes=\"auto, (max-width: 840px) 100vw, 840px\" \/><\/a>\r\n    \t\t<\/div><\/figure><figure class='gallery-item'>\r\n    \t\t<div class='gallery-icon landscape'>\r\n    \t\t\t<a href='https:\/\/vsgrossenzersdorf.ac.at\/?attachment_id=1734'><img loading=\"lazy\" decoding=\"async\" width=\"840\" height=\"560\" src=\"https:\/\/vsgrossenzersdorf.ac.at\/wp-content\/uploads\/2021\/12\/DSC_1588-1024x683.jpg\" class=\"attachment-large size-large\" alt=\"\" srcset=\"https:\/\/vsgrossenzersdorf.ac.at\/wp-content\/uploads\/2021\/12\/DSC_1588-1024x683.jpg 1024w, https:\/\/vsgrossenzersdorf.ac.at\/wp-content\/uploads\/2021\/12\/DSC_1588-300x200.jpg 300w, https:\/\/vsgrossenzersdorf.ac.at\/wp-content\/uploads\/2021\/12\/DSC_1588-768x512.jpg 768w, https:\/\/vsgrossenzersdorf.ac.at\/wp-content\/uploads\/2021\/12\/DSC_1588-1536x1024.jpg 1536w, https:\/\/vsgrossenzersdorf.ac.at\/wp-content\/uploads\/2021\/12\/DSC_1588-2048x1365.jpg 2048w\" sizes=\"auto, (max-width: 840px) 100vw, 840px\" \/><\/a>\r\n    \t\t<\/div><\/figure><figure class='gallery-item'>\r\n    \t\t<div class='gallery-icon landscape'>\r\n    \t\t\t<a href='https:\/\/vsgrossenzersdorf.ac.at\/?attachment_id=1735'><img loading=\"lazy\" decoding=\"async\" width=\"840\" height=\"560\" src=\"https:\/\/vsgrossenzersdorf.ac.at\/wp-content\/uploads\/2021\/12\/DSC_1591-1024x683.jpg\" class=\"attachment-large size-large\" alt=\"\" srcset=\"https:\/\/vsgrossenzersdorf.ac.at\/wp-content\/uploads\/2021\/12\/DSC_1591-1024x683.jpg 1024w, https:\/\/vsgrossenzersdorf.ac.at\/wp-content\/uploads\/2021\/12\/DSC_1591-300x200.jpg 300w, https:\/\/vsgrossenzersdorf.ac.at\/wp-content\/uploads\/2021\/12\/DSC_1591-768x512.jpg 768w, https:\/\/vsgrossenzersdorf.ac.at\/wp-content\/uploads\/2021\/12\/DSC_1591-1536x1024.jpg 1536w, https:\/\/vsgrossenzersdorf.ac.at\/wp-content\/uploads\/2021\/12\/DSC_1591-2048x1365.jpg 2048w\" sizes=\"auto, (max-width: 840px) 100vw, 840px\" \/><\/a>\r\n    \t\t<\/div><\/figure><figure class='gallery-item'>\r\n    \t\t<div class='gallery-icon landscape'>\r\n    \t\t\t<a href='https:\/\/vsgrossenzersdorf.ac.at\/?attachment_id=1742'><img loading=\"lazy\" decoding=\"async\" width=\"840\" height=\"630\" src=\"https:\/\/vsgrossenzersdorf.ac.at\/wp-content\/uploads\/2021\/12\/IMG_8896-1024x768.jpg\" class=\"attachment-large size-large\" alt=\"\" srcset=\"https:\/\/vsgrossenzersdorf.ac.at\/wp-content\/uploads\/2021\/12\/IMG_8896-1024x768.jpg 1024w, https:\/\/vsgrossenzersdorf.ac.at\/wp-content\/uploads\/2021\/12\/IMG_8896-300x225.jpg 300w, https:\/\/vsgrossenzersdorf.ac.at\/wp-content\/uploads\/2021\/12\/IMG_8896-768x576.jpg 768w, https:\/\/vsgrossenzersdorf.ac.at\/wp-content\/uploads\/2021\/12\/IMG_8896-1536x1152.jpg 1536w, https:\/\/vsgrossenzersdorf.ac.at\/wp-content\/uploads\/2021\/12\/IMG_8896-2048x1536.jpg 2048w\" sizes=\"auto, (max-width: 840px) 100vw, 840px\" \/><\/a>\r\n    \t\t<\/div><\/figure><figure class='gallery-item'>\r\n    \t\t<div class='gallery-icon landscape'>\r\n    \t\t\t<a href='https:\/\/vsgrossenzersdorf.ac.at\/?attachment_id=1738'><img loading=\"lazy\" decoding=\"async\" width=\"840\" height=\"630\" src=\"https:\/\/vsgrossenzersdorf.ac.at\/wp-content\/uploads\/2021\/12\/IMG_8864-1024x768.jpg\" class=\"attachment-large size-large\" alt=\"\" srcset=\"https:\/\/vsgrossenzersdorf.ac.at\/wp-content\/uploads\/2021\/12\/IMG_8864-1024x768.jpg 1024w, https:\/\/vsgrossenzersdorf.ac.at\/wp-content\/uploads\/2021\/12\/IMG_8864-300x225.jpg 300w, https:\/\/vsgrossenzersdorf.ac.at\/wp-content\/uploads\/2021\/12\/IMG_8864-768x576.jpg 768w, https:\/\/vsgrossenzersdorf.ac.at\/wp-content\/uploads\/2021\/12\/IMG_8864-1536x1152.jpg 1536w, https:\/\/vsgrossenzersdorf.ac.at\/wp-content\/uploads\/2021\/12\/IMG_8864-2048x1536.jpg 2048w\" sizes=\"auto, (max-width: 840px) 100vw, 840px\" \/><\/a>\r\n    \t\t<\/div><\/figure>\r\n    \t<\/div>\n\n<p style=\"text-align: center;\">Im M\u00e4rz 2020 wurde mit dem Sanieren, sowie dem Um- &amp; Zubau unserer Schule begonnen. Flei\u00dfig wurde gearbeitet, damit unsere Schule in neuem Glanz erstrahlt. Mit der Umgestaltung unseres Schulgartens, einem toll eingerichteten Werkraum und einem gro\u00dfen Turnsaal erm\u00f6glichen wir einen anspruchsvollen und abwechslungsreichen Schulbesuch. Die Kinder lernen in modernen und hellen Klassenzimmern. Eine ideale Lernumgebung, die sich motivierend auf unsere Sch\u00fclerInnen und LehrerInnen auswirkt. Atrium und Aula, Gruppenr\u00e4ume, sowie eine schuleigene Bibliothek bieten ausreichend Platz und sorgen f\u00fcr eine absolute Wohlf\u00fchlatmosph\u00e4re.<\/p>\n<h3 style=\"text-align: center;\">Die gro\u00dfz\u00fcgige und helle Gestaltung soll besonders zum Wohlf\u00fchlen beitragen und ein Harmoniegef\u00fchl vermitteln!<\/h3>\n<h3 style=\"text-align: center;\">LAGE<\/h3>\n<div id='gallery-2' class='gallery galleryid-229 gallery-columns-2 gallery-size-large'><figure class='gallery-item'>\r\n    \t\t<div class='gallery-icon landscape'>\r\n    \t\t\t<a href='https:\/\/vsgrossenzersdorf.ac.at\/?attachment_id=1747'><img loading=\"lazy\" decoding=\"async\" width=\"840\" height=\"630\" src=\"https:\/\/vsgrossenzersdorf.ac.at\/wp-content\/uploads\/2021\/12\/IMG_2445-1024x768.jpg\" class=\"attachment-large size-large\" alt=\"\" srcset=\"https:\/\/vsgrossenzersdorf.ac.at\/wp-content\/uploads\/2021\/12\/IMG_2445-1024x768.jpg 1024w, https:\/\/vsgrossenzersdorf.ac.at\/wp-content\/uploads\/2021\/12\/IMG_2445-300x225.jpg 300w, https:\/\/vsgrossenzersdorf.ac.at\/wp-content\/uploads\/2021\/12\/IMG_2445-768x576.jpg 768w, https:\/\/vsgrossenzersdorf.ac.at\/wp-content\/uploads\/2021\/12\/IMG_2445-1536x1152.jpg 1536w, https:\/\/vsgrossenzersdorf.ac.at\/wp-content\/uploads\/2021\/12\/IMG_2445-2048x1536.jpg 2048w\" sizes=\"auto, (max-width: 840px) 100vw, 840px\" \/><\/a>\r\n    \t\t<\/div><\/figure><figure class='gallery-item'>\r\n    \t\t<div class='gallery-icon landscape'>\r\n    \t\t\t<a href='https:\/\/vsgrossenzersdorf.ac.at\/?attachment_id=1748'><img loading=\"lazy\" decoding=\"async\" width=\"840\" height=\"630\" src=\"https:\/\/vsgrossenzersdorf.ac.at\/wp-content\/uploads\/2021\/12\/IMG_6466-1024x768.jpg\" class=\"attachment-large size-large\" alt=\"\" srcset=\"https:\/\/vsgrossenzersdorf.ac.at\/wp-content\/uploads\/2021\/12\/IMG_6466-1024x768.jpg 1024w, https:\/\/vsgrossenzersdorf.ac.at\/wp-content\/uploads\/2021\/12\/IMG_6466-300x225.jpg 300w, https:\/\/vsgrossenzersdorf.ac.at\/wp-content\/uploads\/2021\/12\/IMG_6466-768x576.jpg 768w, https:\/\/vsgrossenzersdorf.ac.at\/wp-content\/uploads\/2021\/12\/IMG_6466-1536x1152.jpg 1536w, https:\/\/vsgrossenzersdorf.ac.at\/wp-content\/uploads\/2021\/12\/IMG_6466-2048x1536.jpg 2048w\" sizes=\"auto, (max-width: 840px) 100vw, 840px\" \/><\/a>\r\n    \t\t<\/div><\/figure><figure class='gallery-item'>\r\n    \t\t<div class='gallery-icon landscape'>\r\n    \t\t\t<a href='https:\/\/vsgrossenzersdorf.ac.at\/?attachment_id=1751'><img loading=\"lazy\" decoding=\"async\" width=\"840\" height=\"630\" src=\"https:\/\/vsgrossenzersdorf.ac.at\/wp-content\/uploads\/2021\/12\/IMG_8909-1024x768.jpg\" class=\"attachment-large size-large\" alt=\"\" srcset=\"https:\/\/vsgrossenzersdorf.ac.at\/wp-content\/uploads\/2021\/12\/IMG_8909-1024x768.jpg 1024w, https:\/\/vsgrossenzersdorf.ac.at\/wp-content\/uploads\/2021\/12\/IMG_8909-300x225.jpg 300w, https:\/\/vsgrossenzersdorf.ac.at\/wp-content\/uploads\/2021\/12\/IMG_8909-768x576.jpg 768w, https:\/\/vsgrossenzersdorf.ac.at\/wp-content\/uploads\/2021\/12\/IMG_8909-1536x1152.jpg 1536w, https:\/\/vsgrossenzersdorf.ac.at\/wp-content\/uploads\/2021\/12\/IMG_8909-2048x1536.jpg 2048w\" sizes=\"auto, (max-width: 840px) 100vw, 840px\" \/><\/a>\r\n    \t\t<\/div><\/figure><figure class='gallery-item'>\r\n    \t\t<div class='gallery-icon landscape'>\r\n    \t\t\t<a href='https:\/\/vsgrossenzersdorf.ac.at\/?attachment_id=1752'><img loading=\"lazy\" decoding=\"async\" width=\"840\" height=\"630\" src=\"https:\/\/vsgrossenzersdorf.ac.at\/wp-content\/uploads\/2021\/12\/IMG_8912-1024x768.jpg\" class=\"attachment-large size-large\" alt=\"\" srcset=\"https:\/\/vsgrossenzersdorf.ac.at\/wp-content\/uploads\/2021\/12\/IMG_8912-1024x768.jpg 1024w, https:\/\/vsgrossenzersdorf.ac.at\/wp-content\/uploads\/2021\/12\/IMG_8912-300x225.jpg 300w, https:\/\/vsgrossenzersdorf.ac.at\/wp-content\/uploads\/2021\/12\/IMG_8912-768x576.jpg 768w, https:\/\/vsgrossenzersdorf.ac.at\/wp-content\/uploads\/2021\/12\/IMG_8912-1536x1152.jpg 1536w, https:\/\/vsgrossenzersdorf.ac.at\/wp-content\/uploads\/2021\/12\/IMG_8912-2048x1536.jpg 2048w\" sizes=\"auto, (max-width: 840px) 100vw, 840px\" \/><\/a>\r\n    \t\t<\/div><\/figure>\r\n    \t<\/div>\n\n<p style=\"text-align: center;\">Unsere Schule hat eine einzigartige Lage: Nur wenige Gehminuten von der wundersch\u00f6nen Lobau des Nationalparks Donau-Auen entfernt. Die Gehwege entlang den Stadtmauern, gro\u00dfz\u00fcgige Spielpl\u00e4tze und der nahegelegene Eissalon laden zu Spazierg\u00e4ngen ein.<\/p>\n<h3 style=\"text-align: center;\">AUSBILDUNG<\/h3>\n<div id='gallery-3' class='gallery galleryid-229 gallery-columns-2 gallery-size-large'><figure class='gallery-item'>\r\n    \t\t<div class='gallery-icon landscape'>\r\n    \t\t\t<a href='https:\/\/vsgrossenzersdorf.ac.at\/?attachment_id=1755'><img loading=\"lazy\" decoding=\"async\" width=\"840\" height=\"559\" src=\"https:\/\/vsgrossenzersdorf.ac.at\/wp-content\/uploads\/2021\/12\/IMG_8529-1024x681.jpg\" class=\"attachment-large size-large\" alt=\"\" srcset=\"https:\/\/vsgrossenzersdorf.ac.at\/wp-content\/uploads\/2021\/12\/IMG_8529-1024x681.jpg 1024w, https:\/\/vsgrossenzersdorf.ac.at\/wp-content\/uploads\/2021\/12\/IMG_8529-300x199.jpg 300w, https:\/\/vsgrossenzersdorf.ac.at\/wp-content\/uploads\/2021\/12\/IMG_8529-768x511.jpg 768w, https:\/\/vsgrossenzersdorf.ac.at\/wp-content\/uploads\/2021\/12\/IMG_8529-1536x1021.jpg 1536w, https:\/\/vsgrossenzersdorf.ac.at\/wp-content\/uploads\/2021\/12\/IMG_8529-2048x1362.jpg 2048w\" sizes=\"auto, (max-width: 840px) 100vw, 840px\" \/><\/a>\r\n    \t\t<\/div><\/figure><figure class='gallery-item'>\r\n    \t\t<div class='gallery-icon landscape'>\r\n    \t\t\t<a href='https:\/\/vsgrossenzersdorf.ac.at\/?attachment_id=1758'><img loading=\"lazy\" decoding=\"async\" width=\"840\" height=\"523\" src=\"https:\/\/vsgrossenzersdorf.ac.at\/wp-content\/uploads\/2021\/12\/IMG_8018-1024x637.jpg\" class=\"attachment-large size-large\" alt=\"\" srcset=\"https:\/\/vsgrossenzersdorf.ac.at\/wp-content\/uploads\/2021\/12\/IMG_8018-1024x637.jpg 1024w, https:\/\/vsgrossenzersdorf.ac.at\/wp-content\/uploads\/2021\/12\/IMG_8018-300x187.jpg 300w, https:\/\/vsgrossenzersdorf.ac.at\/wp-content\/uploads\/2021\/12\/IMG_8018-768x478.jpg 768w, https:\/\/vsgrossenzersdorf.ac.at\/wp-content\/uploads\/2021\/12\/IMG_8018-1536x956.jpg 1536w, https:\/\/vsgrossenzersdorf.ac.at\/wp-content\/uploads\/2021\/12\/IMG_8018-2048x1275.jpg 2048w\" sizes=\"auto, (max-width: 840px) 100vw, 840px\" \/><\/a>\r\n    \t\t<\/div><\/figure><figure class='gallery-item'>\r\n    \t\t<div class='gallery-icon landscape'>\r\n    \t\t\t<a href='https:\/\/vsgrossenzersdorf.ac.at\/?attachment_id=1760'><img loading=\"lazy\" decoding=\"async\" width=\"840\" height=\"573\" src=\"https:\/\/vsgrossenzersdorf.ac.at\/wp-content\/uploads\/2021\/12\/IMG_6883-1024x698.jpg\" class=\"attachment-large size-large\" alt=\"\" srcset=\"https:\/\/vsgrossenzersdorf.ac.at\/wp-content\/uploads\/2021\/12\/IMG_6883-1024x698.jpg 1024w, https:\/\/vsgrossenzersdorf.ac.at\/wp-content\/uploads\/2021\/12\/IMG_6883-300x205.jpg 300w, https:\/\/vsgrossenzersdorf.ac.at\/wp-content\/uploads\/2021\/12\/IMG_6883-768x524.jpg 768w, https:\/\/vsgrossenzersdorf.ac.at\/wp-content\/uploads\/2021\/12\/IMG_6883-1536x1047.jpg 1536w, https:\/\/vsgrossenzersdorf.ac.at\/wp-content\/uploads\/2021\/12\/IMG_6883-2048x1396.jpg 2048w\" sizes=\"auto, (max-width: 840px) 100vw, 840px\" \/><\/a>\r\n    \t\t<\/div><\/figure><figure class='gallery-item'>\r\n    \t\t<div class='gallery-icon landscape'>\r\n    \t\t\t<a href='https:\/\/vsgrossenzersdorf.ac.at\/?attachment_id=1762'><img loading=\"lazy\" decoding=\"async\" width=\"840\" height=\"515\" src=\"https:\/\/vsgrossenzersdorf.ac.at\/wp-content\/uploads\/2021\/12\/IMG_1012-1024x628.jpg\" class=\"attachment-large size-large\" alt=\"\" srcset=\"https:\/\/vsgrossenzersdorf.ac.at\/wp-content\/uploads\/2021\/12\/IMG_1012-1024x628.jpg 1024w, https:\/\/vsgrossenzersdorf.ac.at\/wp-content\/uploads\/2021\/12\/IMG_1012-300x184.jpg 300w, https:\/\/vsgrossenzersdorf.ac.at\/wp-content\/uploads\/2021\/12\/IMG_1012-768x471.jpg 768w, https:\/\/vsgrossenzersdorf.ac.at\/wp-content\/uploads\/2021\/12\/IMG_1012-1536x943.jpg 1536w, https:\/\/vsgrossenzersdorf.ac.at\/wp-content\/uploads\/2021\/12\/IMG_1012-2048x1257.jpg 2048w\" sizes=\"auto, (max-width: 840px) 100vw, 840px\" \/><\/a>\r\n    \t\t<\/div><\/figure>\r\n    \t<\/div>\n\n<p style=\"text-align: center;\">Gepaart mit viel Engagement m\u00f6chten wir Kindern eine gute Basis an kognitivem Wissen und Freude am Lernen, sowie an erbrachten Leistungen vermitteln. Gute p\u00e4dagogische Beziehungen zu unseren Sch\u00fclerInnen bilden das Fundament, dass das Lernen gelingt und Freude bereitet.<\/p>\n<h3 style=\"text-align: center;\">TEAM<\/h3>\n<h3 style=\"text-align: center;\">MITEINANDER UND F\u00dcREINANDER<\/h3>\n<p style=\"text-align: center;\">In unserem Team werden ZUSAMMENHALT, WERTSCH\u00c4TZUNG und RESPEKT gro\u00df geschrieben.<\/p>\n<p style=\"text-align: center;\">Die sehr gute Atmosph\u00e4re im Kollegium spiegelt sich im schulischen Alltag wider und soll unsere Kinder Geborgenheit erfahren lassen.<\/p>\n<h3 style=\"text-align: center;\">SCHULISCHE TAGESBETREUUNG<\/h3>\n<p><img loading=\"lazy\" decoding=\"async\" class=\"size-large wp-image-1058 aligncenter\" src=\"https:\/\/vsgrossenzersdorf.ac.at\/wp-content\/uploads\/2019\/09\/Fotos-Schulhaus-005-1024x384.jpg\" alt=\"\" width=\"680\" height=\"255\" srcset=\"https:\/\/vsgrossenzersdorf.ac.at\/wp-content\/uploads\/2019\/09\/Fotos-Schulhaus-005-1024x384.jpg 1024w, https:\/\/vsgrossenzersdorf.ac.at\/wp-content\/uploads\/2019\/09\/Fotos-Schulhaus-005-300x113.jpg 300w, https:\/\/vsgrossenzersdorf.ac.at\/wp-content\/uploads\/2019\/09\/Fotos-Schulhaus-005-768x288.jpg 768w\" sizes=\"auto, (max-width: 680px) 100vw, 680px\" \/><\/p>\n<p style=\"text-align: center;\">F\u00fcr die Betreuung Ihres Kindes ist vor und nach dem Unterricht gesorgt. Die Schulische Tagesbetreuung bietet flexible Betreuungszeiten, teilweise werden auch Ferientage abgedeckt. Ein k\u00f6stliches Mittagessen, eine Jause und jede Menge Spiel &amp; Spa\u00df beinhaltet unsere Schulische Tagesbetreuung. Um sich rundum wohlzuf\u00fchlen, braucht es eine entsprechende Umgebung. Die neuen Gruppenr\u00e4ume bieten alles was es dazu braucht. Gem\u00fctliche Leseecken, Bauecken, Spielnischen und Baseltische bieten die M\u00f6glichkeit sich frei entfalten zu k\u00f6nnen.<\/p>\n","protected":false},"excerpt":{"rendered":"<p>Herzlich willkommen in der Volksschule Gro\u00df-Enzersdorf WIR SIND STOLZ AUF UNSERE SCHULE! Wir &#8211; die Volksschule Gro\u00df-Enzersdorf &#8211; m\u00f6chten Ihrem Kind, von klein auf, einen &hellip; <\/p>\n","protected":false},"author":2,"featured_media":0,"parent":0,"menu_order":0,"comment_status":"closed","ping_status":"closed","template":"","meta":{"footnotes":""},"class_list":["post-229","page","type-page","status-publish","hentry"],"_links":{"self":[{"href":"https:\/\/vsgrossenzersdorf.ac.at\/index.php?rest_route=\/wp\/v2\/pages\/229","targetHints":{"allow":["GET"]}}],"collection":[{"href":"https:\/\/vsgrossenzersdorf.ac.at\/index.php?rest_route=\/wp\/v2\/pages"}],"about":[{"href":"https:\/\/vsgrossenzersdorf.ac.at\/index.php?rest_route=\/wp\/v2\/types\/page"}],"author":[{"embeddable":true,"href":"https:\/\/vsgrossenzersdorf.ac.at\/index.php?rest_route=\/wp\/v2\/users\/2"}],"replies":[{"embeddable":true,"href":"https:\/\/vsgrossenzersdorf.ac.at\/index.php?rest_route=%2Fwp%2Fv2%2Fcomments&post=229"}],"version-history":[{"count":283,"href":"https:\/\/vsgrossenzersdorf.ac.at\/index.php?rest_route=\/wp\/v2\/pages\/229\/revisions"}],"predecessor-version":[{"id":3022,"href":"https:\/\/vsgrossenzersdorf.ac.at\/index.php?rest_route=\/wp\/v2\/pages\/229\/revisions\/3022"}],"wp:attachment":[{"href":"https:\/\/vsgrossenzersdorf.ac.at\/index.php?rest_route=%2Fwp%2Fv2%2Fmedia&parent=229"}],"curies":[{"name":"wp","href":"https:\/\/api.w.org\/{rel}","templated":true}]}}