{"id":2531,"date":"2023-09-01T10:49:50","date_gmt":"2023-09-01T10:49:50","guid":{"rendered":"https:\/\/vsgrossenzersdorf.ac.at\/?page_id=2531"},"modified":"2025-11-02T12:38:29","modified_gmt":"2025-11-02T12:38:29","slug":"schulische-tagesbetreuung","status":"publish","type":"page","link":"https:\/\/vsgrossenzersdorf.ac.at\/?page_id=2531","title":{"rendered":"Schulische Tagesbetreuung"},"content":{"rendered":"<h4><\/h4>\n<h1 style=\"text-align: center;\">Einfach wir<img loading=\"lazy\" decoding=\"async\" class=\"wp-image-2936 size-large aligncenter\" src=\"https:\/\/vsgrossenzersdorf.ac.at\/wp-content\/uploads\/2025\/11\/2848Betreuer-1024x717.jpg\" alt=\"\" width=\"840\" height=\"588\" srcset=\"https:\/\/vsgrossenzersdorf.ac.at\/wp-content\/uploads\/2025\/11\/2848Betreuer-1024x717.jpg 1024w, https:\/\/vsgrossenzersdorf.ac.at\/wp-content\/uploads\/2025\/11\/2848Betreuer-300x210.jpg 300w, https:\/\/vsgrossenzersdorf.ac.at\/wp-content\/uploads\/2025\/11\/2848Betreuer-768x537.jpg 768w, https:\/\/vsgrossenzersdorf.ac.at\/wp-content\/uploads\/2025\/11\/2848Betreuer-1536x1075.jpg 1536w, https:\/\/vsgrossenzersdorf.ac.at\/wp-content\/uploads\/2025\/11\/2848Betreuer-2048x1433.jpg 2048w, https:\/\/vsgrossenzersdorf.ac.at\/wp-content\/uploads\/2025\/11\/2848Betreuer-86x60.jpg 86w\" sizes=\"auto, (max-width: 840px) 100vw, 840px\" \/><\/h1>\n<h4 style=\"text-align: center;\"><span style=\"font-size: 14pt;\"><span style=\"font-family: 'trebuchet ms', geneva, sans-serif;\">Freizeit in den Gruppen bei unseren P\u00e4dagogInnen ist f\u00fcr mich&#8230;<\/span><\/span><\/h4>\n<div id=\"cc-m-10088714312\" class=\"j-module n j-text \">\n<h4 style=\"text-align: center;\"><span style=\"font-family: 'trebuchet ms', geneva, sans-serif; font-size: 14pt;\">&#8230; gl\u00fccklich sein, Spa\u00df haben, erholen von der Lernzeit!<\/span><\/h4>\n<h4 style=\"text-align: center;\"><span style=\"font-family: 'trebuchet ms', geneva, sans-serif; font-size: 14pt;\">&#8230; Spa\u00df, Sachen basteln, Bewegung, Freude!<\/span><\/h4>\n<h4 style=\"text-align: center;\"><span style=\"font-family: 'trebuchet ms', geneva, sans-serif; font-size: 14pt;\">&#8230; Fu\u00dfball mit meinen Freunden spielen und einfach nur entspannen!<\/span><\/h4>\n<h4 style=\"text-align: center;\"><span style=\"font-family: 'trebuchet ms', geneva, sans-serif; font-size: 14pt;\">&#8230; das Sch\u00f6nste!<\/span><\/h4>\n<h4 style=\"text-align: center;\"><span style=\"font-family: 'trebuchet ms', geneva, sans-serif; font-size: 14pt;\">&#8230; Spielen im Garten oder im Turnsaal!<\/span><\/h4>\n<h4 style=\"text-align: center;\"><span style=\"font-family: 'trebuchet ms', geneva, sans-serif; font-size: 14pt;\">&#8230; Spa\u00df mit meinen FreundInnen!<\/span><\/h4>\n<h4 style=\"text-align: center;\"><span style=\"font-family: 'trebuchet ms', geneva, sans-serif; font-size: 14pt;\">&#8230; malen, Armb\u00e4nder machen und lesen in der Kuschelecke!<\/span><\/h4>\n<h4 style=\"text-align: center;\"><span style=\"font-family: 'trebuchet ms', geneva, sans-serif; font-size: 14pt;\">&#8230; Entspannung und mit Kappla bauen!<\/span><\/h4>\n<h4 style=\"text-align: center;\"><span style=\"font-family: 'trebuchet ms', geneva, sans-serif; font-size: 14pt;\">&#8230; Feste feiern und gemeinsam basteln!<\/span><\/h4>\n<h4 style=\"text-align: center;\"><span style=\"font-family: 'trebuchet ms', geneva, sans-serif; font-size: 14pt;\">&#8230; frei zu spielen, frei zu sein!<\/span><\/h4>\n<h4 style=\"text-align: center;\"><span style=\"font-family: 'trebuchet ms', geneva, sans-serif; font-size: 14pt;\">&#8230; Pause mit Spielen!<\/span><\/h4>\n<h4 style=\"text-align: center;\"><span style=\"font-family: 'trebuchet ms', geneva, sans-serif; font-size: 14pt;\">&#8230; Spiele spielen, herumlaufen, mit Autos spielen und mit Autos fahren!<\/span><\/h4>\n<h4 style=\"text-align: center;\"><span style=\"font-family: 'trebuchet ms', geneva, sans-serif; font-size: 14pt;\">&#8230; Fu\u00dfball spielen, weil ich ein Sportler bin!<\/span><\/h4>\n<h4 style=\"text-align: center;\"><span style=\"font-family: 'trebuchet ms', geneva, sans-serif; font-size: 14pt;\">&#8230; einfach entspannen!<\/span><\/h4>\n<h4 style=\"text-align: center;\"><span style=\"font-family: 'trebuchet ms', geneva, sans-serif; font-size: 14pt;\">(Sch\u00fclerInnen der 1.-4. Klassen)<\/span><\/h4>\n<h1 style=\"text-align: center;\" data-start=\"266\" data-end=\"301\"><strong data-start=\"266\" data-end=\"299\">Manchmal sind wir einfach so!<\/strong><\/h1>\n<\/div>\n<p><img loading=\"lazy\" decoding=\"async\" class=\"aligncenter wp-image-2937 size-full\" src=\"https:\/\/vsgrossenzersdorf.ac.at\/wp-content\/uploads\/2025\/11\/2848BetreuerSpass-scaled.jpg\" alt=\"\" width=\"2560\" height=\"1791\" srcset=\"https:\/\/vsgrossenzersdorf.ac.at\/wp-content\/uploads\/2025\/11\/2848BetreuerSpass-scaled.jpg 2560w, https:\/\/vsgrossenzersdorf.ac.at\/wp-content\/uploads\/2025\/11\/2848BetreuerSpass-300x210.jpg 300w, https:\/\/vsgrossenzersdorf.ac.at\/wp-content\/uploads\/2025\/11\/2848BetreuerSpass-1024x717.jpg 1024w, https:\/\/vsgrossenzersdorf.ac.at\/wp-content\/uploads\/2025\/11\/2848BetreuerSpass-768x537.jpg 768w, https:\/\/vsgrossenzersdorf.ac.at\/wp-content\/uploads\/2025\/11\/2848BetreuerSpass-1536x1075.jpg 1536w, https:\/\/vsgrossenzersdorf.ac.at\/wp-content\/uploads\/2025\/11\/2848BetreuerSpass-2048x1433.jpg 2048w, https:\/\/vsgrossenzersdorf.ac.at\/wp-content\/uploads\/2025\/11\/2848BetreuerSpass-86x60.jpg 86w\" sizes=\"auto, (max-width: 2560px) 100vw, 2560px\" \/><\/p>\n<p>&nbsp;<\/p>\n","protected":false},"excerpt":{"rendered":"<p>Einfach wir Freizeit in den Gruppen bei unseren P\u00e4dagogInnen ist f\u00fcr mich&#8230; &#8230; gl\u00fccklich sein, Spa\u00df haben, erholen von der Lernzeit! &#8230; Spa\u00df, Sachen basteln, &hellip; <\/p>\n","protected":false},"author":2,"featured_media":0,"parent":0,"menu_order":0,"comment_status":"closed","ping_status":"closed","template":"","meta":{"footnotes":""},"class_list":["post-2531","page","type-page","status-publish","hentry"],"_links":{"self":[{"href":"https:\/\/vsgrossenzersdorf.ac.at\/index.php?rest_route=\/wp\/v2\/pages\/2531","targetHints":{"allow":["GET"]}}],"collection":[{"href":"https:\/\/vsgrossenzersdorf.ac.at\/index.php?rest_route=\/wp\/v2\/pages"}],"about":[{"href":"https:\/\/vsgrossenzersdorf.ac.at\/index.php?rest_route=\/wp\/v2\/types\/page"}],"author":[{"embeddable":true,"href":"https:\/\/vsgrossenzersdorf.ac.at\/index.php?rest_route=\/wp\/v2\/users\/2"}],"replies":[{"embeddable":true,"href":"https:\/\/vsgrossenzersdorf.ac.at\/index.php?rest_route=%2Fwp%2Fv2%2Fcomments&post=2531"}],"version-history":[{"count":10,"href":"https:\/\/vsgrossenzersdorf.ac.at\/index.php?rest_route=\/wp\/v2\/pages\/2531\/revisions"}],"predecessor-version":[{"id":2954,"href":"https:\/\/vsgrossenzersdorf.ac.at\/index.php?rest_route=\/wp\/v2\/pages\/2531\/revisions\/2954"}],"wp:attachment":[{"href":"https:\/\/vsgrossenzersdorf.ac.at\/index.php?rest_route=%2Fwp%2Fv2%2Fmedia&parent=2531"}],"curies":[{"name":"wp","href":"https:\/\/api.w.org\/{rel}","templated":true}]}}