{"id":2734,"date":"2024-11-25T11:25:47","date_gmt":"2024-11-25T11:25:47","guid":{"rendered":"https:\/\/vsgrossenzersdorf.ac.at\/?page_id=2734"},"modified":"2024-11-25T11:35:19","modified_gmt":"2024-11-25T11:35:19","slug":"begabtenfoerderung","status":"publish","type":"page","link":"https:\/\/vsgrossenzersdorf.ac.at\/?page_id=2734","title":{"rendered":"Begabtenf\u00f6rderung"},"content":{"rendered":"<p>Am Anfang war die Vision, Begabungen und Interessen unserer Sch\u00fclerInnen zu entdecken und zu f\u00f6rdern. Dann kam die Idee, dieser F\u00f6rderung ihren eigenen Raum zu geben. An unserer Schule bieten wir 11 unverbindliche \u00dcbunge an und 1-2 mal pro Jahr findet ein Ateliertag im Rahmen des Unterrichts statt.<\/p>\n<p>Unsere unverbindlichen \u00dcbungen<\/p>\n<ul>\n<li>Chor<\/li>\n<li>Fu\u00dfball f\u00fcr die 3. Klassen, Fu\u00dfball f\u00fcr die 4. Klassen<\/li>\n<li>Tanzwerkstatt f\u00fcr die 2. Klassen, Tanzwerkstatt f\u00fcr die 4. Klassen<\/li>\n<li>Kreativwerkstatt f\u00fcr die 2. Klassen, Kreativwerkstatt f\u00fcr die 3. und 4. Klassen<\/li>\n<li>Englisch<\/li>\n<li>Forscherwerkstatt<\/li>\n<li>Musical<\/li>\n<li>Slowakisch<\/li>\n<\/ul>\n<p><a href=\"https:\/\/vsgrossenzersdorf.ac.at\/wp-content\/uploads\/2024\/11\/1.webp\"><img loading=\"lazy\" decoding=\"async\" class=\"aligncenter wp-image-2740 size-large\" src=\"https:\/\/vsgrossenzersdorf.ac.at\/wp-content\/uploads\/2024\/11\/1-1024x1024.webp\" alt=\"\" width=\"840\" height=\"840\" srcset=\"https:\/\/vsgrossenzersdorf.ac.at\/wp-content\/uploads\/2024\/11\/1-1024x1024.webp 1024w, https:\/\/vsgrossenzersdorf.ac.at\/wp-content\/uploads\/2024\/11\/1-300x300.webp 300w, https:\/\/vsgrossenzersdorf.ac.at\/wp-content\/uploads\/2024\/11\/1-150x150.webp 150w, https:\/\/vsgrossenzersdorf.ac.at\/wp-content\/uploads\/2024\/11\/1-768x768.webp 768w, https:\/\/vsgrossenzersdorf.ac.at\/wp-content\/uploads\/2024\/11\/1-60x60.webp 60w, https:\/\/vsgrossenzersdorf.ac.at\/wp-content\/uploads\/2024\/11\/1.webp 1280w\" sizes=\"auto, (max-width: 840px) 100vw, 840px\" \/><\/a> <img loading=\"lazy\" decoding=\"async\" class=\"aligncenter wp-image-2741 size-large\" src=\"https:\/\/vsgrossenzersdorf.ac.at\/wp-content\/uploads\/2024\/11\/2-1024x678.jpg\" alt=\"\" width=\"840\" height=\"556\" srcset=\"https:\/\/vsgrossenzersdorf.ac.at\/wp-content\/uploads\/2024\/11\/2-1024x678.jpg 1024w, https:\/\/vsgrossenzersdorf.ac.at\/wp-content\/uploads\/2024\/11\/2-300x199.jpg 300w, https:\/\/vsgrossenzersdorf.ac.at\/wp-content\/uploads\/2024\/11\/2-768x509.jpg 768w, https:\/\/vsgrossenzersdorf.ac.at\/wp-content\/uploads\/2024\/11\/2-91x60.jpg 91w, https:\/\/vsgrossenzersdorf.ac.at\/wp-content\/uploads\/2024\/11\/2-800x530.jpg 800w, https:\/\/vsgrossenzersdorf.ac.at\/wp-content\/uploads\/2024\/11\/2.jpg 1280w\" sizes=\"auto, (max-width: 840px) 100vw, 840px\" \/> <img loading=\"lazy\" decoding=\"async\" class=\"aligncenter wp-image-2742 size-large\" src=\"https:\/\/vsgrossenzersdorf.ac.at\/wp-content\/uploads\/2024\/11\/3-1024x682.webp\" alt=\"\" width=\"840\" height=\"559\" srcset=\"https:\/\/vsgrossenzersdorf.ac.at\/wp-content\/uploads\/2024\/11\/3-1024x682.webp 1024w, https:\/\/vsgrossenzersdorf.ac.at\/wp-content\/uploads\/2024\/11\/3-300x200.webp 300w, https:\/\/vsgrossenzersdorf.ac.at\/wp-content\/uploads\/2024\/11\/3-768x512.webp 768w, https:\/\/vsgrossenzersdorf.ac.at\/wp-content\/uploads\/2024\/11\/3-90x60.webp 90w, https:\/\/vsgrossenzersdorf.ac.at\/wp-content\/uploads\/2024\/11\/3-420x280.webp 420w, https:\/\/vsgrossenzersdorf.ac.at\/wp-content\/uploads\/2024\/11\/3.webp 1280w\" sizes=\"auto, (max-width: 840px) 100vw, 840px\" \/><\/p>\n","protected":false},"excerpt":{"rendered":"<p>Am Anfang war die Vision, Begabungen und Interessen unserer Sch\u00fclerInnen zu entdecken und zu f\u00f6rdern. Dann kam die Idee, dieser F\u00f6rderung ihren eigenen Raum zu &hellip; <\/p>\n","protected":false},"author":2,"featured_media":0,"parent":0,"menu_order":0,"comment_status":"closed","ping_status":"closed","template":"","meta":{"footnotes":""},"class_list":["post-2734","page","type-page","status-publish","hentry"],"_links":{"self":[{"href":"https:\/\/vsgrossenzersdorf.ac.at\/index.php?rest_route=\/wp\/v2\/pages\/2734","targetHints":{"allow":["GET"]}}],"collection":[{"href":"https:\/\/vsgrossenzersdorf.ac.at\/index.php?rest_route=\/wp\/v2\/pages"}],"about":[{"href":"https:\/\/vsgrossenzersdorf.ac.at\/index.php?rest_route=\/wp\/v2\/types\/page"}],"author":[{"embeddable":true,"href":"https:\/\/vsgrossenzersdorf.ac.at\/index.php?rest_route=\/wp\/v2\/users\/2"}],"replies":[{"embeddable":true,"href":"https:\/\/vsgrossenzersdorf.ac.at\/index.php?rest_route=%2Fwp%2Fv2%2Fcomments&post=2734"}],"version-history":[{"count":4,"href":"https:\/\/vsgrossenzersdorf.ac.at\/index.php?rest_route=\/wp\/v2\/pages\/2734\/revisions"}],"predecessor-version":[{"id":2743,"href":"https:\/\/vsgrossenzersdorf.ac.at\/index.php?rest_route=\/wp\/v2\/pages\/2734\/revisions\/2743"}],"wp:attachment":[{"href":"https:\/\/vsgrossenzersdorf.ac.at\/index.php?rest_route=%2Fwp%2Fv2%2Fmedia&parent=2734"}],"curies":[{"name":"wp","href":"https:\/\/api.w.org\/{rel}","templated":true}]}}