{"id":404,"date":"2018-12-09T18:54:31","date_gmt":"2018-12-09T18:54:31","guid":{"rendered":"http:\/\/vsgrossenzersdorf.ac.at\/?page_id=404"},"modified":"2023-09-01T03:14:35","modified_gmt":"2023-09-01T03:14:35","slug":"schulprofil-und-leitbild","status":"publish","type":"page","link":"https:\/\/vsgrossenzersdorf.ac.at\/?page_id=404","title":{"rendered":"Schulphilosophie"},"content":{"rendered":"\r\n<p><img loading=\"lazy\" decoding=\"async\" class=\"alignleft wp-image-1770 size-large\" src=\"https:\/\/vsgrossenzersdorf.ac.at\/wp-content\/uploads\/2021\/12\/IMG_8896-1-1024x768.jpg\" alt=\"\" width=\"840\" height=\"630\" srcset=\"https:\/\/vsgrossenzersdorf.ac.at\/wp-content\/uploads\/2021\/12\/IMG_8896-1-1024x768.jpg 1024w, https:\/\/vsgrossenzersdorf.ac.at\/wp-content\/uploads\/2021\/12\/IMG_8896-1-300x225.jpg 300w, https:\/\/vsgrossenzersdorf.ac.at\/wp-content\/uploads\/2021\/12\/IMG_8896-1-768x576.jpg 768w, https:\/\/vsgrossenzersdorf.ac.at\/wp-content\/uploads\/2021\/12\/IMG_8896-1-1536x1152.jpg 1536w, https:\/\/vsgrossenzersdorf.ac.at\/wp-content\/uploads\/2021\/12\/IMG_8896-1-2048x1536.jpg 2048w\" sizes=\"auto, (max-width: 840px) 100vw, 840px\" \/><\/p>\r\n<p><span style=\"font-family: 'trebuchet ms', geneva, sans-serif; color: #99cc00; font-size: 18pt;\">AN UNSERER SCHULE WOLLEN WIR&#8230;<\/span><\/p>\r\n<p><span style=\"font-family: 'trebuchet ms', geneva, sans-serif; font-size: 14pt;\">\r\n\r\n<\/span><\/p>\r\n<ul style=\"list-style-type: circle;\">\r\n<li><span style=\"font-family: 'trebuchet ms', geneva, sans-serif; font-size: 12pt;\">&#8230; den Unterricht abwechslungsreich, situationsbezogen und unter Bedachtnahme unterschiedlicher Sozialformen (Einzelarbeit, Partnerarbeit, Gruppenarbeit,&#8230;) gestalten.<\/span><span style=\"font-size: 12pt; font-family: 'trebuchet ms', geneva, sans-serif;\">\r\n\r\n<\/span><\/li>\r\n<li><span style=\"font-size: 12pt; font-family: 'trebuchet ms', geneva, sans-serif;\">&#8230; die Sch\u00fcler\/innen zur Selbstst\u00e4ndigkeit erziehen. Die Lebenswelt soll in den Unterricht hineingeholt werden, Erfahrungen sollen vermittelt und gemacht werden k\u00f6nnen.<\/span><span style=\"font-size: 12pt; font-family: 'trebuchet ms', geneva, sans-serif;\">\r\n\r\n<\/span><\/li>\r\n<li><span style=\"font-size: 12pt; font-family: 'trebuchet ms', geneva, sans-serif;\">&#8230; die Kinder st\u00e4rken und st\u00fctzen, sie dort abholen, wo sie stehen und sie zu selbstst\u00e4ndigem Handeln im Rahmen des differenzierten Unterrichts anregen und f\u00f6rdern.<\/span><span style=\"font-family: 'trebuchet ms', geneva, sans-serif; font-size: 12pt;\">\r\n\r\n<\/span><\/li>\r\n<li><span style=\"font-size: 12pt; font-family: 'trebuchet ms', geneva, sans-serif;\">&#8230;. ein, f\u00fcr das Stellen und Beantworten von Fragen ermutigendes Lernklima schaffen.<\/span><span style=\"font-size: 12pt; font-family: 'trebuchet ms', geneva, sans-serif;\">\r\n\r\n<\/span><\/li>\r\n<li><span style=\"font-size: 12pt; font-family: 'trebuchet ms', geneva, sans-serif;\">&#8230; die Kulturtechniken im Unterricht erarbeiten, \u00fcben, festigen und \u00fcberpr\u00fcfen, um Nachhaltigkeit zu gew\u00e4hrleisten.<\/span><span style=\"font-size: 12pt; font-family: 'trebuchet ms', geneva, sans-serif;\">\r\n\r\n<\/span><\/li>\r\n<li><span style=\"font-size: 12pt; font-family: 'trebuchet ms', geneva, sans-serif;\">&#8230; auf die Bed\u00fcrfnisse der Kinder eingehen und Ausgleich zum Leistungsdruck durch Bewegung und k\u00fcnstlerischen Ausdruck bieten.<\/span><\/li>\r\n<li><span style=\"font-size: 12pt; font-family: 'trebuchet ms', geneva, sans-serif;\">&#8230; h\u00e4ufig verbale und differenzierte R\u00fcckmeldungen \u00fcber erbrachte Leistungen geben.<\/span><span style=\"font-size: 12pt; font-family: 'trebuchet ms', geneva, sans-serif;\">\r\n\r\n<\/span><\/li>\r\n<li><span style=\"font-size: 12pt; font-family: 'trebuchet ms', geneva, sans-serif;\">&#8230; Freir\u00e4ume schaffen, damit die Sch\u00fcler\/innen \u201esoziales Lernen&#8220; erfahren.<\/span><span style=\"font-size: 12pt; font-family: 'trebuchet ms', geneva, sans-serif;\">\r\n\r\n<\/span><\/li>\r\n<li><span style=\"font-size: 12pt; font-family: 'trebuchet ms', geneva, sans-serif;\">&#8230; uns Zeit nehmen f\u00fcr Gespr\u00e4che \u2013 sowohl f\u00fcr Einzelgespr\u00e4che, als auch im Klassenverband.<\/span><\/li>\r\n<\/ul>\r\n<p><img loading=\"lazy\" decoding=\"async\" class=\"aligncenter size-large wp-image-1775\" src=\"https:\/\/vsgrossenzersdorf.ac.at\/wp-content\/uploads\/2021\/12\/IMG_0367-1024x829.jpg\" alt=\"\" width=\"680\" height=\"551\" srcset=\"https:\/\/vsgrossenzersdorf.ac.at\/wp-content\/uploads\/2021\/12\/IMG_0367-1024x829.jpg 1024w, https:\/\/vsgrossenzersdorf.ac.at\/wp-content\/uploads\/2021\/12\/IMG_0367-300x243.jpg 300w, https:\/\/vsgrossenzersdorf.ac.at\/wp-content\/uploads\/2021\/12\/IMG_0367-768x622.jpg 768w, https:\/\/vsgrossenzersdorf.ac.at\/wp-content\/uploads\/2021\/12\/IMG_0367-1536x1244.jpg 1536w, https:\/\/vsgrossenzersdorf.ac.at\/wp-content\/uploads\/2021\/12\/IMG_0367-2048x1658.jpg 2048w\" sizes=\"auto, (max-width: 680px) 100vw, 680px\" \/><\/p>\r\n<p><span style=\"font-size: 12pt; font-family: 'trebuchet ms', geneva, sans-serif;\">\r\n\r\n<\/span><\/p>\r\n<h2><span style=\"font-size: 14pt; color: #99cc00; font-family: 'trebuchet ms', geneva, sans-serif;\">In unserer Schule kommen im Rahmen des Unterrichts vielf\u00e4ltige Unterrichtsmethoden zum Einsatz:<\/span><\/h2>\r\n<p><span style=\"font-family: 'trebuchet ms', geneva, sans-serif; font-size: 14pt;\">\r\n\r\n<\/span><\/p>\r\n<ul class=\"wp-block-list\" style=\"list-style-type: circle;\">\r\n<li><span style=\"font-size: 12pt; font-family: 'trebuchet ms', geneva, sans-serif;\">Freiarbeit<\/span><\/li>\r\n<li><span style=\"font-size: 12pt; font-family: 'trebuchet ms', geneva, sans-serif;\">Planarbeit (Wochen- oder Tagespl\u00e4ne)<\/span><\/li>\r\n<li><span style=\"font-size: 12pt; font-family: 'trebuchet ms', geneva, sans-serif;\">Einbindung der Eltern in das Unterrichtsgeschehen<\/span><\/li>\r\n<li><span style=\"font-size: 12pt; font-family: 'trebuchet ms', geneva, sans-serif;\">Durchf\u00fchrung von Lehrausg\u00e4ngen, Exkursionen, Lesen\u00e4chten, Projekttagen und Projektwochen<\/span><\/li>\r\n<li><span style=\"font-size: 12pt; font-family: 'trebuchet ms', geneva, sans-serif;\">Einbindung verschiedenster Medien<\/span><\/li>\r\n<li><span style=\"font-size: 12pt; font-family: 'trebuchet ms', geneva, sans-serif;\">Montessoriorientierter Unterricht<\/span><\/li>\r\n<li><span style=\"font-size: 12pt; font-family: 'trebuchet ms', geneva, sans-serif;\">Projektorientierter Unterricht<\/span><\/li>\r\n<li><span style=\"font-size: 12pt; font-family: 'trebuchet ms', geneva, sans-serif;\">Einsatz verschiedenster Arbeitsmaterialien, die eine Individualisierung und Differenzierung im Unterricht erm\u00f6glichen<\/span><\/li>\r\n<li><span style=\"font-size: 12pt; font-family: 'trebuchet ms', geneva, sans-serif;\">Rollenspiele<\/span><\/li>\r\n<li><span style=\"font-size: 12pt; font-family: 'trebuchet ms', geneva, sans-serif;\">Selbstst\u00e4ndiges Schreiben von S\u00e4tzen ab Beginn des Lese- und Schreiblehrganges (Bergk-Methode)<\/span><\/li>\r\n<li><span style=\"font-size: 12pt; font-family: 'trebuchet ms', geneva, sans-serif;\">Lernen mit allen Sinnen<\/span><\/li>\r\n<\/ul>\r\n<p><span style=\"font-size: 12pt; font-family: 'trebuchet ms', geneva, sans-serif;\">W\u00e4hrend der Eislaufsaison werden Fahrten zum Eislaufplatz nach Matzen organisiert.<\/span><\/p>\r\n<p><span style=\"font-size: 12pt; font-family: 'trebuchet ms', geneva, sans-serif;\">Unsere Lehrausg\u00e4nge werden an den Unterrichtsinhalt angepasst.<\/span><\/p>\r\n\r\n\r\n","protected":false},"excerpt":{"rendered":"<p>AN UNSERER SCHULE WOLLEN WIR&#8230; &#8230; den Unterricht abwechslungsreich, situationsbezogen und unter Bedachtnahme unterschiedlicher Sozialformen (Einzelarbeit, Partnerarbeit, Gruppenarbeit,&#8230;) gestalten. &#8230; die Sch\u00fcler\/innen zur Selbstst\u00e4ndigkeit erziehen. &hellip; <\/p>\n","protected":false},"author":2,"featured_media":0,"parent":0,"menu_order":0,"comment_status":"closed","ping_status":"closed","template":"","meta":{"footnotes":""},"class_list":["post-404","page","type-page","status-publish","hentry"],"_links":{"self":[{"href":"https:\/\/vsgrossenzersdorf.ac.at\/index.php?rest_route=\/wp\/v2\/pages\/404","targetHints":{"allow":["GET"]}}],"collection":[{"href":"https:\/\/vsgrossenzersdorf.ac.at\/index.php?rest_route=\/wp\/v2\/pages"}],"about":[{"href":"https:\/\/vsgrossenzersdorf.ac.at\/index.php?rest_route=\/wp\/v2\/types\/page"}],"author":[{"embeddable":true,"href":"https:\/\/vsgrossenzersdorf.ac.at\/index.php?rest_route=\/wp\/v2\/users\/2"}],"replies":[{"embeddable":true,"href":"https:\/\/vsgrossenzersdorf.ac.at\/index.php?rest_route=%2Fwp%2Fv2%2Fcomments&post=404"}],"version-history":[{"count":33,"href":"https:\/\/vsgrossenzersdorf.ac.at\/index.php?rest_route=\/wp\/v2\/pages\/404\/revisions"}],"predecessor-version":[{"id":2435,"href":"https:\/\/vsgrossenzersdorf.ac.at\/index.php?rest_route=\/wp\/v2\/pages\/404\/revisions\/2435"}],"wp:attachment":[{"href":"https:\/\/vsgrossenzersdorf.ac.at\/index.php?rest_route=%2Fwp%2Fv2%2Fmedia&parent=404"}],"curies":[{"name":"wp","href":"https:\/\/api.w.org\/{rel}","templated":true}]}}