{"id":433,"date":"2018-12-09T19:32:06","date_gmt":"2018-12-09T19:32:06","guid":{"rendered":"http:\/\/vsgrossenzersdorf.ac.at\/?page_id=433"},"modified":"2025-01-06T14:56:22","modified_gmt":"2025-01-06T14:56:22","slug":"schwerpunkt-lobau","status":"publish","type":"page","link":"https:\/\/vsgrossenzersdorf.ac.at\/?page_id=433","title":{"rendered":"Schwerpunkt Lobau"},"content":{"rendered":"\r\n<p style=\"text-align: center;\"><span style=\"font-size: 12pt; font-family: 'trebuchet ms', geneva, sans-serif;\">Unsere Volksschule ist nur wenige Gehminuten von der wundersch\u00f6nen Lobau des Nationalparks Donau-Auen entfernt.<\/span><\/p>\r\n<p style=\"text-align: center;\"><span style=\"font-size: 12pt; font-family: 'trebuchet ms', geneva, sans-serif;\">\r\n\r\n<\/span><\/p>\r\n<p style=\"text-align: center;\"><span style=\"font-size: 12pt; font-family: 'trebuchet ms', geneva, sans-serif;\">Daher z\u00e4hlen regelm\u00e4\u00dfige Ausfl\u00fcge in die Lobau zu unseren Schwerpunkten. Meist werden wir dabei von F\u00f6rstern der MA 49 begleitet.<\/span><\/p>\r\n<p style=\"text-align: center;\"><span style=\"font-size: 12pt; font-family: 'trebuchet ms', geneva, sans-serif;\">\r\n\r\n<\/span><\/p>\r\n<p style=\"text-align: center;\"><span style=\"font-size: 12pt; font-family: 'trebuchet ms', geneva, sans-serif;\">Neben der Bewegung im Freien stehen hier die Schwerpunkte Natur, Tierwelt und Umweltschutz im Vordergrund<\/span><\/p>\r\n<p><img loading=\"lazy\" decoding=\"async\" class=\"size-large wp-image-1054 alignleft\" style=\"font-family: 'trebuchet ms', geneva, sans-serif;\" src=\"https:\/\/vsgrossenzersdorf.ac.at\/wp-content\/uploads\/2019\/09\/Banner-neu-1024x384.jpg\" alt=\"\" width=\"750\" height=\"281\" srcset=\"https:\/\/vsgrossenzersdorf.ac.at\/wp-content\/uploads\/2019\/09\/Banner-neu-1024x384.jpg 1024w, https:\/\/vsgrossenzersdorf.ac.at\/wp-content\/uploads\/2019\/09\/Banner-neu-300x113.jpg 300w, https:\/\/vsgrossenzersdorf.ac.at\/wp-content\/uploads\/2019\/09\/Banner-neu-768x288.jpg 768w\" sizes=\"auto, (max-width: 750px) 100vw, 750px\" \/><\/p>\r\n<p style=\"text-align: center;\"><span style=\"font-size: 14pt; font-family: 'trebuchet ms', geneva, sans-serif;\">.<\/span><\/p>\r\n<p style=\"text-align: center;\"><span style=\"font-family: 'trebuchet ms', geneva, sans-serif; font-size: 12pt;\"><em>Wir freuen uns sehr, dass wir als privilegierte Partnerorganisation der <a href=\"https:\/\/www.ubw.at\/\" target=\"_blank\" rel=\"noopener noreferrer\"><strong>UmweltBildungAustria &#8211; Gr\u00fcne Insel<\/strong><\/a> Mitglied im VIP-Club sein d\u00fcrfen.<\/em><\/span><\/p>\r\n<p>&nbsp;<\/p>\r\n<p>&nbsp;<\/p>\r\n<p>&nbsp;<\/p>\r\n<p><span style=\"font-family: 'trebuchet ms', geneva, sans-serif; font-size: 14pt;\">\r\n\r\n\r\n\r\n<\/span><\/p>\r\n<div id='gallery-1' class='gallery galleryid-433 gallery-columns-3 gallery-size-large'><figure class='gallery-item'>\r\n    \t\t<div class='gallery-icon portrait'>\r\n    \t\t\t<img loading=\"lazy\" decoding=\"async\" width=\"768\" height=\"1024\" src=\"https:\/\/vsgrossenzersdorf.ac.at\/wp-content\/uploads\/2021\/12\/IMG_6485-768x1024.jpg\" class=\"attachment-large size-large\" alt=\"\" srcset=\"https:\/\/vsgrossenzersdorf.ac.at\/wp-content\/uploads\/2021\/12\/IMG_6485-768x1024.jpg 768w, https:\/\/vsgrossenzersdorf.ac.at\/wp-content\/uploads\/2021\/12\/IMG_6485-225x300.jpg 225w, https:\/\/vsgrossenzersdorf.ac.at\/wp-content\/uploads\/2021\/12\/IMG_6485-1152x1536.jpg 1152w, https:\/\/vsgrossenzersdorf.ac.at\/wp-content\/uploads\/2021\/12\/IMG_6485-1536x2048.jpg 1536w, https:\/\/vsgrossenzersdorf.ac.at\/wp-content\/uploads\/2021\/12\/IMG_6485-scaled.jpg 1920w\" sizes=\"auto, (max-width: 768px) 100vw, 768px\" \/>\r\n    \t\t<\/div><\/figure><figure class='gallery-item'>\r\n    \t\t<div class='gallery-icon portrait'>\r\n    \t\t\t<img loading=\"lazy\" decoding=\"async\" width=\"768\" height=\"1024\" src=\"https:\/\/vsgrossenzersdorf.ac.at\/wp-content\/uploads\/2021\/12\/IMG_6469-768x1024.jpg\" class=\"attachment-large size-large\" alt=\"\" srcset=\"https:\/\/vsgrossenzersdorf.ac.at\/wp-content\/uploads\/2021\/12\/IMG_6469-768x1024.jpg 768w, https:\/\/vsgrossenzersdorf.ac.at\/wp-content\/uploads\/2021\/12\/IMG_6469-225x300.jpg 225w, https:\/\/vsgrossenzersdorf.ac.at\/wp-content\/uploads\/2021\/12\/IMG_6469-1152x1536.jpg 1152w, https:\/\/vsgrossenzersdorf.ac.at\/wp-content\/uploads\/2021\/12\/IMG_6469-1536x2048.jpg 1536w, https:\/\/vsgrossenzersdorf.ac.at\/wp-content\/uploads\/2021\/12\/IMG_6469-scaled.jpg 1920w\" sizes=\"auto, (max-width: 768px) 100vw, 768px\" \/>\r\n    \t\t<\/div><\/figure><figure class='gallery-item'>\r\n    \t\t<div class='gallery-icon portrait'>\r\n    \t\t\t<img loading=\"lazy\" decoding=\"async\" width=\"768\" height=\"1024\" src=\"https:\/\/vsgrossenzersdorf.ac.at\/wp-content\/uploads\/2021\/12\/17-768x1024.jpg\" class=\"attachment-large size-large\" alt=\"\" srcset=\"https:\/\/vsgrossenzersdorf.ac.at\/wp-content\/uploads\/2021\/12\/17-768x1024.jpg 768w, https:\/\/vsgrossenzersdorf.ac.at\/wp-content\/uploads\/2021\/12\/17-225x300.jpg 225w, https:\/\/vsgrossenzersdorf.ac.at\/wp-content\/uploads\/2021\/12\/17-1152x1536.jpg 1152w, https:\/\/vsgrossenzersdorf.ac.at\/wp-content\/uploads\/2021\/12\/17.jpg 1536w\" sizes=\"auto, (max-width: 768px) 100vw, 768px\" \/>\r\n    \t\t<\/div><\/figure><figure class='gallery-item'>\r\n    \t\t<div class='gallery-icon landscape'>\r\n    \t\t\t<img loading=\"lazy\" decoding=\"async\" width=\"840\" height=\"630\" src=\"https:\/\/vsgrossenzersdorf.ac.at\/wp-content\/uploads\/2021\/12\/3-1024x768.jpg\" class=\"attachment-large size-large\" alt=\"\" srcset=\"https:\/\/vsgrossenzersdorf.ac.at\/wp-content\/uploads\/2021\/12\/3-1024x768.jpg 1024w, https:\/\/vsgrossenzersdorf.ac.at\/wp-content\/uploads\/2021\/12\/3-300x225.jpg 300w, https:\/\/vsgrossenzersdorf.ac.at\/wp-content\/uploads\/2021\/12\/3-768x576.jpg 768w, https:\/\/vsgrossenzersdorf.ac.at\/wp-content\/uploads\/2021\/12\/3-1536x1152.jpg 1536w, https:\/\/vsgrossenzersdorf.ac.at\/wp-content\/uploads\/2021\/12\/3.jpg 2048w\" sizes=\"auto, (max-width: 840px) 100vw, 840px\" \/>\r\n    \t\t<\/div><\/figure><figure class='gallery-item'>\r\n    \t\t<div class='gallery-icon landscape'>\r\n    \t\t\t<img loading=\"lazy\" decoding=\"async\" width=\"840\" height=\"630\" src=\"https:\/\/vsgrossenzersdorf.ac.at\/wp-content\/uploads\/2021\/12\/7-1024x768.jpg\" class=\"attachment-large size-large\" alt=\"\" srcset=\"https:\/\/vsgrossenzersdorf.ac.at\/wp-content\/uploads\/2021\/12\/7-1024x768.jpg 1024w, https:\/\/vsgrossenzersdorf.ac.at\/wp-content\/uploads\/2021\/12\/7-300x225.jpg 300w, https:\/\/vsgrossenzersdorf.ac.at\/wp-content\/uploads\/2021\/12\/7-768x576.jpg 768w, https:\/\/vsgrossenzersdorf.ac.at\/wp-content\/uploads\/2021\/12\/7-1536x1152.jpg 1536w, https:\/\/vsgrossenzersdorf.ac.at\/wp-content\/uploads\/2021\/12\/7.jpg 2048w\" sizes=\"auto, (max-width: 840px) 100vw, 840px\" \/>\r\n    \t\t<\/div><\/figure><figure class='gallery-item'>\r\n    \t\t<div class='gallery-icon landscape'>\r\n    \t\t\t<img loading=\"lazy\" decoding=\"async\" width=\"840\" height=\"630\" src=\"https:\/\/vsgrossenzersdorf.ac.at\/wp-content\/uploads\/2021\/12\/19-1024x768.jpg\" class=\"attachment-large size-large\" alt=\"\" srcset=\"https:\/\/vsgrossenzersdorf.ac.at\/wp-content\/uploads\/2021\/12\/19-1024x768.jpg 1024w, https:\/\/vsgrossenzersdorf.ac.at\/wp-content\/uploads\/2021\/12\/19-300x225.jpg 300w, https:\/\/vsgrossenzersdorf.ac.at\/wp-content\/uploads\/2021\/12\/19-768x576.jpg 768w, https:\/\/vsgrossenzersdorf.ac.at\/wp-content\/uploads\/2021\/12\/19-1536x1152.jpg 1536w, https:\/\/vsgrossenzersdorf.ac.at\/wp-content\/uploads\/2021\/12\/19.jpg 2048w\" sizes=\"auto, (max-width: 840px) 100vw, 840px\" \/>\r\n    \t\t<\/div><\/figure>\r\n    \t<\/div>\n\r\n<p style=\"text-align: center;\"><span style=\"color: #000000; font-family: 'trebuchet ms', geneva, sans-serif; font-size: 12pt;\"><strong>Einen ganz besonderen Dank m\u00f6chten wir dem F\u00f6rster Ernst aussprechen!<\/strong><\/span><\/p>\r\n<p style=\"text-align: center;\"><span style=\"color: #569e44; font-family: 'trebuchet ms', geneva, sans-serif; font-size: 12pt;\"><span style=\"color: #000000;\">Mindestens zwei Mal im Jahr nimmt er sich f\u00fcr jede Klasse unserer Schule Zeit und wandert mit den Kindern durch die Lobau. <span lang=\"DE\">Zu jeder Jahreszeit erkl\u00e4rt er dabei viel Interessantes und Wissenswertes \u00fcber den Nationalpark und die Tier- und Pflanzenwelt in unserem einmaligen Wasserwald. Durch die spannenden Erkl\u00e4rungen des Waldprofis werden die Kinder unserer Schule richtige Nationalparkexperten. Vielen Dank daf\u00fcr, lieber Erns<\/span><\/span><em><span lang=\"DE\">t!<\/span><\/em><\/span><\/p>\r\n<p><span style=\"font-family: 'trebuchet ms', geneva, sans-serif; font-size: 12pt;\">\r\n\r\n<\/span><\/p>\r\n<p>&nbsp;<\/p>\r\n","protected":false},"excerpt":{"rendered":"<p>Unsere Volksschule ist nur wenige Gehminuten von der wundersch\u00f6nen Lobau des Nationalparks Donau-Auen entfernt. Daher z\u00e4hlen regelm\u00e4\u00dfige Ausfl\u00fcge in die Lobau zu unseren Schwerpunkten. Meist &hellip; <\/p>\n","protected":false},"author":2,"featured_media":0,"parent":0,"menu_order":0,"comment_status":"closed","ping_status":"closed","template":"","meta":{"footnotes":""},"class_list":["post-433","page","type-page","status-publish","hentry"],"_links":{"self":[{"href":"https:\/\/vsgrossenzersdorf.ac.at\/index.php?rest_route=\/wp\/v2\/pages\/433","targetHints":{"allow":["GET"]}}],"collection":[{"href":"https:\/\/vsgrossenzersdorf.ac.at\/index.php?rest_route=\/wp\/v2\/pages"}],"about":[{"href":"https:\/\/vsgrossenzersdorf.ac.at\/index.php?rest_route=\/wp\/v2\/types\/page"}],"author":[{"embeddable":true,"href":"https:\/\/vsgrossenzersdorf.ac.at\/index.php?rest_route=\/wp\/v2\/users\/2"}],"replies":[{"embeddable":true,"href":"https:\/\/vsgrossenzersdorf.ac.at\/index.php?rest_route=%2Fwp%2Fv2%2Fcomments&post=433"}],"version-history":[{"count":31,"href":"https:\/\/vsgrossenzersdorf.ac.at\/index.php?rest_route=\/wp\/v2\/pages\/433\/revisions"}],"predecessor-version":[{"id":2590,"href":"https:\/\/vsgrossenzersdorf.ac.at\/index.php?rest_route=\/wp\/v2\/pages\/433\/revisions\/2590"}],"wp:attachment":[{"href":"https:\/\/vsgrossenzersdorf.ac.at\/index.php?rest_route=%2Fwp%2Fv2%2Fmedia&parent=433"}],"curies":[{"name":"wp","href":"https:\/\/api.w.org\/{rel}","templated":true}]}}