{"id":526,"date":"2018-12-09T21:19:12","date_gmt":"2018-12-09T21:19:12","guid":{"rendered":"http:\/\/vsgrossenzersdorf.ac.at\/?page_id=526"},"modified":"2023-11-05T21:07:44","modified_gmt":"2023-11-05T21:07:44","slug":"schwerpunkt-lesen","status":"publish","type":"page","link":"https:\/\/vsgrossenzersdorf.ac.at\/?page_id=526","title":{"rendered":"Schwerpunkt Lesen"},"content":{"rendered":"\r\n\r\n\r\n<h2 style=\"text-align: center;\"><span style=\"color: #99cc00; font-family: 'trebuchet ms', geneva, sans-serif;\"><span style=\"font-size: 18pt;\">\u201eB\u00fccher lesen hei\u00dft, wandern gehen in ferne Welten, aus den Stuben, \u00fcber die Sterne\u201c<\/span><\/span><br \/><span style=\"font-family: helvetica, arial, sans-serif; color: #99cc00;\"><span style=\"font-family: 'trebuchet ms', geneva, sans-serif;\"><span style=\"font-size: 18pt;\">\u2013 Jean Paul<\/span><\/span><\/span><\/h2>\r\n<p><span style=\"color: #5bb82c; font-family: 'trebuchet ms', geneva, sans-serif; font-size: 14pt;\"><strong><span style=\"font-size: 12pt;\">Lesen ist <span style=\"color: #5bb82c;\">f\u00fcr<\/span> mich<\/span><\/strong><\/span><\/p>\r\n<ul style=\"list-style-type: circle;\">\r\n<li style=\"text-align: left;\"><span style=\"font-size: 12pt; font-family: 'trebuchet ms', geneva, sans-serif;\">&#8230;wie die Reise in eine andere Welt!<\/span><\/li>\r\n<li style=\"text-align: left;\"><span style=\"font-size: 12pt; font-family: 'trebuchet ms', geneva, sans-serif;\">&#8230;Entspannung!<\/span><\/li>\r\n<li style=\"text-align: left;\"><span style=\"font-size: 12pt; font-family: 'trebuchet ms', geneva, sans-serif;\">&#8230;spannend und interessant!<\/span><\/li>\r\n<li style=\"text-align: left;\"><span style=\"font-size: 12pt; font-family: 'trebuchet ms', geneva, sans-serif;\">&#8230;das Sch\u00f6nste!<\/span><\/li>\r\n<li style=\"text-align: left;\"><span style=\"font-size: 12pt; font-family: 'trebuchet ms', geneva, sans-serif;\">&#8230;gro\u00dfartig, weil ich Punkte bei Antolin sammeln kann!<\/span><\/li>\r\n<li style=\"text-align: left;\"><span style=\"font-size: 12pt; font-family: 'trebuchet ms', geneva, sans-serif;\">&#8230;wunderbar, da wir unseren Lesepaten vorlesen k\u00f6nnen!<\/span><\/li>\r\n<li style=\"text-align: left;\"><span style=\"font-size: 12pt; font-family: 'trebuchet ms', geneva, sans-serif;\">&#8230;wichtig, da ich immer besser werden m\u00f6chte!<\/span><\/li>\r\n<li style=\"text-align: left;\"><span style=\"font-size: 12pt; font-family: 'trebuchet ms', geneva, sans-serif;\">&#8230;ein Hobby!<\/span><\/li>\r\n<li style=\"text-align: left;\"><span style=\"font-size: 12pt; font-family: 'trebuchet ms', geneva, sans-serif;\">&#8230;wie ein Abenteuer!<\/span><\/li>\r\n<\/ul>\r\n<p><span style=\"font-family: 'trebuchet ms', geneva, sans-serif; font-size: 12pt;\">(Sch\u00fclerInnen der 2.-4. Klassen)<\/span><\/p>\r\n<p><span style=\"font-family: 'trebuchet ms', geneva, sans-serif; font-size: 12pt;\">Der Erwerb der Lesefertigkeit und die Freude am Lesen sind wichtige Bausteine des Bildungserwerbs. Daher haben wir uns das Thema <span style=\"color: #6cb528;\"><strong>Lesen\u00a0<\/strong><\/span>als Schwerpunkt gesetzt. Im Unterricht spielt Lesen eine bedeutende Rolle und ist wichtiger Bestandteil des Unterrichts.<\/span><\/p>\r\n<p><span style=\"font-size: 12pt; font-family: 'trebuchet ms', geneva, sans-serif;\">Zus\u00e4tzlich zum Leseunterricht finden laufend Aktionen statt, welche die Freude und Motivation am Lesen steigern sollen:<\/span><\/p>\r\n<ul style=\"list-style-type: circle;\">\r\n<li style=\"list-style-type: none;\">\r\n<ul style=\"list-style-type: circle;\">\r\n<li style=\"text-align: left;\"><span style=\"font-size: 12pt; font-family: 'trebuchet ms', geneva, sans-serif;\">LesepatInnen helfen, in Absprache mit der Schule sowie instruiert durch die unterrichtenden Lehrpersonen, Sch\u00fclerInnen in Einzel- oder Kleinstgruppensettings ihre Lesekompetenzen weiterzuentwickeln bzw. zu st\u00e4rken.<\/span><\/li>\r\n<li style=\"text-align: left;\"><span style=\"font-size: 12pt; font-family: 'trebuchet ms', geneva, sans-serif;\">Lesen\u00e4chte<\/span><\/li>\r\n<li style=\"text-align: left;\"><span style=\"font-size: 12pt; font-family: 'trebuchet ms', geneva, sans-serif;\">Antolin \u2013 Onlineprogramm mit eigenem Zugang, um Fragen zu gelesenen B\u00fcchern zu beantworten und Punkte zu sammeln.<\/span><\/li>\r\n<li style=\"text-align: left;\"><span style=\"font-size: 12pt; font-family: 'trebuchet ms', geneva, sans-serif;\">Lesepicknicks<\/span><\/li>\r\n<li style=\"text-align: left;\"><span style=\"font-size: 12pt; font-family: 'trebuchet ms', geneva, sans-serif;\">Lesepatenschaften zwischen Erst- und Viertkl\u00e4sslerInnen<\/span><\/li>\r\n<li style=\"text-align: left;\"><span style=\"font-size: 12pt; font-family: 'trebuchet ms', geneva, sans-serif;\">Lesekinos<\/span><\/li>\r\n<li style=\"text-align: left;\"><span style=\"font-size: 12pt; font-family: 'trebuchet ms', geneva, sans-serif;\">Autorenlesungen<\/span><\/li>\r\n<li style=\"text-align: left;\"><span style=\"font-size: 12pt; font-family: 'trebuchet ms', geneva, sans-serif;\">Buchausstellungen der Firma Alexowsky<\/span><\/li>\r\n<li style=\"text-align: left;\"><span style=\"font-family: 'trebuchet ms', geneva, sans-serif; font-size: 12pt;\">Online-Autorenlesungen<\/span><\/li>\r\n<li style=\"text-align: left;\"><span style=\"font-family: 'trebuchet ms', geneva, sans-serif; font-size: 12pt;\">Besuch der schuleigenen Bibliothek<\/span><\/li>\r\n<li style=\"text-align: left;\"><span style=\"font-size: 12pt; font-family: 'trebuchet ms', geneva, sans-serif;\">Unsere partnerschaftliche Zusammenarbeit mit der Pfarrb\u00fccherei erm\u00f6glicht den Klassen regelm\u00e4\u00dfige Bibliotheksbesuche, bei denen sich die Kinder kostenlos B\u00fccher ausleihen d\u00fcrfen.<\/span><img loading=\"lazy\" decoding=\"async\" class=\"size-full wp-image-1798 aligncenter\" src=\"https:\/\/vsgrossenzersdorf.ac.at\/wp-content\/uploads\/2021\/12\/child-1868518_960_720.jpg\" alt=\"\" width=\"960\" height=\"611\" srcset=\"https:\/\/vsgrossenzersdorf.ac.at\/wp-content\/uploads\/2021\/12\/child-1868518_960_720.jpg 960w, https:\/\/vsgrossenzersdorf.ac.at\/wp-content\/uploads\/2021\/12\/child-1868518_960_720-300x191.jpg 300w, https:\/\/vsgrossenzersdorf.ac.at\/wp-content\/uploads\/2021\/12\/child-1868518_960_720-768x489.jpg 768w\" sizes=\"auto, (max-width: 960px) 100vw, 960px\" \/><\/li>\r\n<\/ul>\r\n<\/li>\r\n<\/ul>\r\n<p style=\"text-align: center;\"><span style=\"color: #4a9e42; font-family: 'trebuchet ms', geneva, sans-serif; font-size: 14pt; text-align: center;\"><span style=\"font-size: 12pt;\">Ein gro\u00dfes <\/span><\/span><span style=\"font-size: 12pt;\"><strong style=\"color: #4a9e42; font-family: 'trebuchet ms', geneva, sans-serif; text-align: center;\">DANKESCH\u00d6N<\/strong><span style=\"color: #4a9e42; font-family: 'trebuchet ms', geneva, sans-serif; text-align: center;\"> an <\/span><strong style=\"color: #4a9e42; font-family: 'trebuchet ms', geneva, sans-serif; text-align: center;\">Gabi Br\u00e4uer<\/strong><span style=\"color: #4a9e42; font-family: 'trebuchet ms', geneva, sans-serif; text-align: center;\">, die mit sehr viel Freude und Engagement die Bibliothek leitet und unsere Schulkinder aus allen Schulstufen wunderbar betreut. Die Kinder k\u00f6nnen sich das ganze Schuljahr \u00fcber B\u00fccher, Spiele und CDs ausborgen und in der reichlich best\u00fcckten Pfarrbibliothek schm\u00f6kern. Danke Gabi!<\/span><\/span><\/p>\r\n<p style=\"text-align: center;\"><span style=\"color: #5bb82c; font-size: 12pt; font-family: 'trebuchet ms', geneva, sans-serif;\">Elternbrief \u00fcber die Lesepatenschaften<\/span><\/p>\r\n<p style=\"text-align: center;\"><span style=\"font-family: 'trebuchet ms', geneva, sans-serif; font-size: 12pt;\"><a href=\"https:\/\/vsgrossenzersdorf.ac.at\/wp-content\/uploads\/2019\/01\/Elternbrief-Lesepatenschaft_VS2301.pdf\">Download<\/a><\/span><\/p>\r\n<p style=\"text-align: center;\"><span style=\"color: #595656; font-size: 12pt; font-family: 'trebuchet ms', geneva, sans-serif;\"><em>\u201eLesen ist ein grenzenloses Abenteuer der Kindheit.&#8220;<\/em><\/span><\/p>\r\n<p style=\"text-align: center;\"><span style=\"color: #595656; font-size: 12pt; font-family: 'trebuchet ms', geneva, sans-serif;\">-Astrid Lindgren<\/span><\/p>\r\n<p><span style=\"font-family: 'trebuchet ms', geneva, sans-serif; font-size: 14pt;\">\u00a0<\/span><\/p>","protected":false},"excerpt":{"rendered":"<p>\u201eB\u00fccher lesen hei\u00dft, wandern gehen in ferne Welten, aus den Stuben, \u00fcber die Sterne\u201c\u2013 Jean Paul Lesen ist f\u00fcr mich &#8230;wie die Reise in eine &hellip; <\/p>\n","protected":false},"author":2,"featured_media":0,"parent":0,"menu_order":0,"comment_status":"closed","ping_status":"closed","template":"","meta":{"footnotes":""},"class_list":["post-526","page","type-page","status-publish","hentry"],"_links":{"self":[{"href":"https:\/\/vsgrossenzersdorf.ac.at\/index.php?rest_route=\/wp\/v2\/pages\/526","targetHints":{"allow":["GET"]}}],"collection":[{"href":"https:\/\/vsgrossenzersdorf.ac.at\/index.php?rest_route=\/wp\/v2\/pages"}],"about":[{"href":"https:\/\/vsgrossenzersdorf.ac.at\/index.php?rest_route=\/wp\/v2\/types\/page"}],"author":[{"embeddable":true,"href":"https:\/\/vsgrossenzersdorf.ac.at\/index.php?rest_route=\/wp\/v2\/users\/2"}],"replies":[{"embeddable":true,"href":"https:\/\/vsgrossenzersdorf.ac.at\/index.php?rest_route=%2Fwp%2Fv2%2Fcomments&post=526"}],"version-history":[{"count":26,"href":"https:\/\/vsgrossenzersdorf.ac.at\/index.php?rest_route=\/wp\/v2\/pages\/526\/revisions"}],"predecessor-version":[{"id":2588,"href":"https:\/\/vsgrossenzersdorf.ac.at\/index.php?rest_route=\/wp\/v2\/pages\/526\/revisions\/2588"}],"wp:attachment":[{"href":"https:\/\/vsgrossenzersdorf.ac.at\/index.php?rest_route=%2Fwp%2Fv2%2Fmedia&parent=526"}],"curies":[{"name":"wp","href":"https:\/\/api.w.org\/{rel}","templated":true}]}}