{"id":91,"date":"2018-11-24T22:00:44","date_gmt":"2018-11-24T22:00:44","guid":{"rendered":"http:\/\/vsgrossenzersdorf.ac.at\/?page_id=91"},"modified":"2021-12-14T20:40:21","modified_gmt":"2021-12-14T20:40:21","slug":"schulchronik","status":"publish","type":"page","link":"https:\/\/vsgrossenzersdorf.ac.at\/?page_id=91","title":{"rendered":"Schulchronik"},"content":{"rendered":"<p><img loading=\"lazy\" decoding=\"async\" class=\"aligncenter size-full wp-image-1105\" src=\"https:\/\/vsgrossenzersdorf.ac.at\/wp-content\/uploads\/2019\/12\/vs_schule.jpg\" alt=\"\" width=\"384\" height=\"308\" srcset=\"https:\/\/vsgrossenzersdorf.ac.at\/wp-content\/uploads\/2019\/12\/vs_schule.jpg 384w, https:\/\/vsgrossenzersdorf.ac.at\/wp-content\/uploads\/2019\/12\/vs_schule-300x241.jpg 300w\" sizes=\"auto, (max-width: 384px) 100vw, 384px\" \/><\/p>\n<p style=\"text-align: center;\"><span style=\"font-size: 12pt; font-family: 'trebuchet ms', geneva, sans-serif;\">Lange bevor das Schulhaus in der Kaiser Franz Josef-Stra\u00dfe 8 erbaut wurde, findet man Hinweise auf die Existenz einer Schule in Gro\u00df-Enzersdorf. Die \u00e4lteste Nachricht \u00fcber einen &#8222;Schulmeister in Entzerstorff&#8220; stammt aus dem Jahr 1489. Bis zum Beschluss des Gemeinderats im Jahr 1899, ein neues Schulhaus an seinem heutigen Standplatz zu errichten, verl\u00e4uft die Geschichte der Schulen im Stadtl \u00e4u\u00dferst wechselvoll. So wurde 1730 nach einem Brand ein neues Schulgeb\u00e4ude errichtet. Schon 1780 wird wieder ein Neubau notwendig. 1833 k\u00f6nnen wir in einer Stadtgeschichte von Gro\u00df-Enzersdorf \u00fcber eine Schule von &#8222;armseliger Bauart&#8220; lesen. An der S\u00fcdseite der Kirche wird dann 1859 eine neue Schule fertig gestellt, die auf Grund der stark steigenden Sch\u00fclerzahlen bald wieder zu klein wird.<\/span><\/p>\n<p style=\"text-align: center;\"><span style=\"font-size: 12pt; font-family: 'trebuchet ms', geneva, sans-serif;\">Am 17. August 1899 beginnt ein Ausschuss mit den Vorarbeiten f\u00fcr den Schulbau. Zwei Jahre sp\u00e4ter, am 27. August 1901, wird eine Bauparzelle von der k.k. Familien-Fondsg\u00fcter-Direktion zum Preis von 4264,70 Kronen angekauft. Bei der Nieder\u00f6sterreichischen Landeshypothekenanstalt wird ein Kommunaldarlehen in der H\u00f6he von 120.000 Kronen aufgenommen. Am 4. Juni 1903 k\u00f6nnen die Bauarbeiten an die einzelnen Gewerbetreibenden vergeben werden, am 15. Juni 1903 ist Baubeginn. Nach Abschluss der Arbeiten wird das Schulhaus am 1. September 1904 eingeweiht.<\/span><br \/>\n<span style=\"font-size: 12pt; font-family: 'trebuchet ms', geneva, sans-serif;\">Schon zehn Jahre nach der Er\u00f6ffnung wird ein Zubau notwendig. Eine B\u00fcrgerschule, ein Zeichen- und ein Turnsaal werden errichtet.<\/span><\/p>\n<p style=\"text-align: center;\"><span style=\"font-family: 'trebuchet ms', geneva, sans-serif; font-size: 12pt;\"><img loading=\"lazy\" decoding=\"async\" class=\"aligncenter size-large wp-image-1786\" src=\"https:\/\/vsgrossenzersdorf.ac.at\/wp-content\/uploads\/2021\/12\/DSC_0491-1024x683.jpg\" alt=\"\" width=\"680\" height=\"454\" srcset=\"https:\/\/vsgrossenzersdorf.ac.at\/wp-content\/uploads\/2021\/12\/DSC_0491-1024x683.jpg 1024w, https:\/\/vsgrossenzersdorf.ac.at\/wp-content\/uploads\/2021\/12\/DSC_0491-300x200.jpg 300w, https:\/\/vsgrossenzersdorf.ac.at\/wp-content\/uploads\/2021\/12\/DSC_0491-768x512.jpg 768w, https:\/\/vsgrossenzersdorf.ac.at\/wp-content\/uploads\/2021\/12\/DSC_0491-1536x1024.jpg 1536w, https:\/\/vsgrossenzersdorf.ac.at\/wp-content\/uploads\/2021\/12\/DSC_0491-2048x1365.jpg 2048w\" sizes=\"auto, (max-width: 680px) 100vw, 680px\" \/><\/span><\/p>\n<p style=\"text-align: center;\"><span style=\"font-size: 12pt; font-family: 'trebuchet ms', geneva, sans-serif;\">Mit Beginn des Schuljahres 1930\/31 l\u00f6st die Hauptschule die B\u00fcrgerschule ab. Die Zeit von 1938 bis 1945 bringt die Eingliederung von Gro\u00df-Enzersdorf in das Gemeindegebiet von Gro\u00df-Wien, somit ist die Schule dem Stadtschulrat von Wien unterstellt. Vom 23. Juli bis zum 10. September 1945 wird ein Notspital der russischen Besatzungsmacht im Schulhaus untergebracht. 1954 kehrt Gro\u00df-Enzersdorf wieder zu Nieder\u00f6sterreich zur\u00fcck, die sowjetische Besatzungsmacht zieht ab. Inder Nachkriegszeit nimmt die Zahl der Klassen mit jedem Schuljahr zu, die Raumnot im Haus wird immer gr\u00f6\u00dfer. Neue Schulgesetze bringen im Jahr 1962 gro\u00dfe Ver\u00e4nderungen. Kleine, nieder organisierte Volksschulen werden geschlossen, in den Hauptschulen werden zwei Klassenz\u00fcge, und 1966 das neunte Schuljahr eingef\u00fchrt. Der Bau des neuen Hauptschulgeb\u00e4udes auf dem Schie\u00dfstattring wird in Angriff genommen. Am 6. September 1971 wird die integrierte Gesamtschule ihrer Bestimmung \u00fcbergeben.<\/span><\/p>\n<p style=\"text-align: center;\"><span style=\"font-size: 14pt; font-family: 'trebuchet ms', geneva, sans-serif;\"><span style=\"font-size: 12pt;\">Die Sch\u00fclerzahlen steigen weiter, es m\u00fcssen sogar dislozierte Klassen im Heimatmuseum, im Stadtsaal und bei der Feuerwehr eingerichtet werden. Der Bau der neuen Schule in Oberhausen, die von den Kindern aus Franzensdorf , M\u00fchlleiten, Neu-Oberhausen, Oberhausen, Probstdorf, Rutzendorf, Sch\u00f6nau an der Donau und Wittau besucht werden wird, soll dieses Problem l\u00f6sen. Im September 2002 wird die neue Schule in Oberhausen er\u00f6ffnet. Im Jahr 2021 sind die Sanierungs- und Umbauarbeiten der Volksschule Gro\u00df-Enzersdorf zu Ende.<\/span><\/span><\/p>\n","protected":false},"excerpt":{"rendered":"<p>Lange bevor das Schulhaus in der Kaiser Franz Josef-Stra\u00dfe 8 erbaut wurde, findet man Hinweise auf die Existenz einer Schule in Gro\u00df-Enzersdorf. Die \u00e4lteste Nachricht &hellip; <\/p>\n","protected":false},"author":2,"featured_media":0,"parent":0,"menu_order":0,"comment_status":"closed","ping_status":"closed","template":"","meta":{"footnotes":""},"class_list":["post-91","page","type-page","status-publish","hentry"],"_links":{"self":[{"href":"https:\/\/vsgrossenzersdorf.ac.at\/index.php?rest_route=\/wp\/v2\/pages\/91","targetHints":{"allow":["GET"]}}],"collection":[{"href":"https:\/\/vsgrossenzersdorf.ac.at\/index.php?rest_route=\/wp\/v2\/pages"}],"about":[{"href":"https:\/\/vsgrossenzersdorf.ac.at\/index.php?rest_route=\/wp\/v2\/types\/page"}],"author":[{"embeddable":true,"href":"https:\/\/vsgrossenzersdorf.ac.at\/index.php?rest_route=\/wp\/v2\/users\/2"}],"replies":[{"embeddable":true,"href":"https:\/\/vsgrossenzersdorf.ac.at\/index.php?rest_route=%2Fwp%2Fv2%2Fcomments&post=91"}],"version-history":[{"count":11,"href":"https:\/\/vsgrossenzersdorf.ac.at\/index.php?rest_route=\/wp\/v2\/pages\/91\/revisions"}],"predecessor-version":[{"id":1788,"href":"https:\/\/vsgrossenzersdorf.ac.at\/index.php?rest_route=\/wp\/v2\/pages\/91\/revisions\/1788"}],"wp:attachment":[{"href":"https:\/\/vsgrossenzersdorf.ac.at\/index.php?rest_route=%2Fwp%2Fv2%2Fmedia&parent=91"}],"curies":[{"name":"wp","href":"https:\/\/api.w.org\/{rel}","templated":true}]}}