{"id":94,"date":"2018-11-24T22:00:44","date_gmt":"2018-11-24T22:00:44","guid":{"rendered":"http:\/\/vsgrossenzersdorf.ac.at\/?page_id=94"},"modified":"2025-02-13T13:53:19","modified_gmt":"2025-02-13T13:53:19","slug":"elternverein","status":"publish","type":"page","link":"https:\/\/vsgrossenzersdorf.ac.at\/?page_id=94","title":{"rendered":"Unser Elternverein"},"content":{"rendered":"<p id=\"cc-m-6665443484\" class=\"j-module n j-header \" style=\"text-align: center;\"><span style=\"color: #99cc00; font-family: 'trebuchet ms', geneva, sans-serif; font-size: 14pt;\">Zwei Dinge sollten Kinder von ihren Eltern bekommen: Wurzeln und Fl\u00fcgel.<\/span><\/p>\n<p class=\"j-module n j-header \" style=\"text-align: center;\"><span style=\"color: #99cc00;\"><em><span style=\"font-family: 'trebuchet ms', geneva, sans-serif; font-size: 10pt;\">Johann Wolfgang von Goethe<\/span><\/em><\/span><\/p>\n<p><span style=\"font-family: helvetica, arial, sans-serif;\"><img loading=\"lazy\" decoding=\"async\" class=\"size-full wp-image-990 aligncenter\" src=\"https:\/\/vsgrossenzersdorf.ac.at\/wp-content\/uploads\/2019\/08\/team-3393037_960_720.jpg\" alt=\"\" width=\"640\" height=\"277\" srcset=\"https:\/\/vsgrossenzersdorf.ac.at\/wp-content\/uploads\/2019\/08\/team-3393037_960_720.jpg 640w, https:\/\/vsgrossenzersdorf.ac.at\/wp-content\/uploads\/2019\/08\/team-3393037_960_720-300x130.jpg 300w\" sizes=\"auto, (max-width: 640px) 100vw, 640px\" \/><\/span><\/p>\n<p style=\"text-align: center;\" align=\"left\"><span style=\"font-size: 12pt; font-family: 'trebuchet ms', geneva, sans-serif;\">Der Elternverein hat die Aufgabe, die Interessen der Eltern an der Unterrichts- und Erziehungsarbeit der Schule zu vertreten. Er ist au\u00dferdem die \u00e4lteste Form der Mitbestimmung von Eltern und wie die Erfahrung gezeigt hat, die effizienteste; denn er \u00fcbt seine T\u00e4tigkeit im Gegensatz zu den beiden anderen Vertretungsformen (Klassen- und Schulforum bzw. Schulgemeinschaftsausschuss) auf privatrechtlicher Basis aus. <\/span><span style=\"font-size: 12pt; font-family: 'trebuchet ms', geneva, sans-serif;\">Die Schulen sind gesetzlich verpflichtet, die Arbeit der Elternvereine zu unterst\u00fctzen.<\/span><\/p>\n<h2 style=\"text-align: center;\" align=\"left\"><span style=\"font-size: 12pt; color: #99cc00; font-family: 'trebuchet ms', geneva, sans-serif;\">Die Aufgaben des Elternvereins<\/span><\/h2>\n<p style=\"text-align: center;\" align=\"left\"><span style=\"font-size: 12pt; font-family: 'trebuchet ms', geneva, sans-serif;\">Der Elternverein ist ein privater Verein im Sinne des Vereinsgesetzes. Er \u00fcbt seine T\u00e4tigkeit auf privatrechtlicher Basis aus, ist nicht weisungsgebunden und ist eine wertvolle Erg\u00e4nzung und Hilfe f\u00fcr die schulpartnerschaftlichen Gremien am Schulstandort. Der Elternverein ist nach wie vor unverzichtbar, wenn es um Anschaffungen besonderer Lehrmittel, Unterst\u00fctzung kreativer Lehrerideen, Projekte usw. geht, die vom Schulerhalter nicht geleistet werden (k\u00f6nnen), aber f\u00fcr einen effizienten Unterricht notwendig sind. Elternvereine bringen Ideen und andere Sichtweisen in den Schulalltag ein. Dem Elternverein kommt auch besondere Bedeutung bei der Unterst\u00fctzung von Sch\u00fclerinnen und Sch\u00fclern zu, die ohne finanzielle Beihilfe des Elternvereins an Schulveranstaltungen nicht teilnehmen k\u00f6nnten. Der Elternverein ist besonders um eine gute Schulpartnerschaft (Vernetzung Lehrer\/Sch\u00fcler\/Eltern, Streitschlichtung, Beschwerden, Kommunikation) bem\u00fcht. Die Aufgaben und Ziele des Elternvereins konzentrieren sich auf zwei Schwerpunkte: die Interessen der Eltern zu vertreten und Fragen zu kl\u00e4ren, die mit dem Schulbesuch der Kinder im Zusammenhang stehen.<\/span><\/p>\n<p style=\"text-align: center;\"><span style=\"font-size: 12pt; font-family: 'trebuchet ms', geneva, sans-serif;\">Sollten Sie Fragen und W\u00fcnsche haben oder bei uns mitarbeiten wollen, so wenden Sie sich bitte an unsere <strong>Obfrau Claudia Tesch.<\/strong><\/span><\/p>\n<p style=\"text-align: center;\"><span style=\"font-family: 'trebuchet ms', geneva, sans-serif; font-size: 12pt;\">Die E-Mail-Adresse unseres Elternvereins lautet:<\/span><\/p>\n<p style=\"text-align: center;\"><span style=\"font-family: 'trebuchet ms', geneva, sans-serif; font-size: 12pt;\"><a href=\"mailto:elternverein.vsge@gmail.com\" target=\"_blank\" rel=\"noopener\">elternverein.vsge@gmail.com<\/a><\/span><\/p>\n<p style=\"text-align: center;\"><span style=\"color: #2ad44c; font-family: 'trebuchet ms', geneva, sans-serif;\"><a style=\"color: #2ad44c;\" href=\"https:\/\/vsgrossenzersdorf.ac.at\/wp-content\/uploads\/2025\/02\/Antrag-Foerderung-Schulveranstaltung.pdf\" target=\"_blank\" rel=\"noopener\">Antrag F\u00f6rderung Schulveranstaltung<\/a><\/span><\/p>\n","protected":false},"excerpt":{"rendered":"<p>Zwei Dinge sollten Kinder von ihren Eltern bekommen: Wurzeln und Fl\u00fcgel. Johann Wolfgang von Goethe Der Elternverein hat die Aufgabe, die Interessen der Eltern an &hellip; <\/p>\n","protected":false},"author":2,"featured_media":0,"parent":0,"menu_order":0,"comment_status":"closed","ping_status":"closed","template":"","meta":{"footnotes":""},"class_list":["post-94","page","type-page","status-publish","hentry"],"_links":{"self":[{"href":"https:\/\/vsgrossenzersdorf.ac.at\/index.php?rest_route=\/wp\/v2\/pages\/94","targetHints":{"allow":["GET"]}}],"collection":[{"href":"https:\/\/vsgrossenzersdorf.ac.at\/index.php?rest_route=\/wp\/v2\/pages"}],"about":[{"href":"https:\/\/vsgrossenzersdorf.ac.at\/index.php?rest_route=\/wp\/v2\/types\/page"}],"author":[{"embeddable":true,"href":"https:\/\/vsgrossenzersdorf.ac.at\/index.php?rest_route=\/wp\/v2\/users\/2"}],"replies":[{"embeddable":true,"href":"https:\/\/vsgrossenzersdorf.ac.at\/index.php?rest_route=%2Fwp%2Fv2%2Fcomments&post=94"}],"version-history":[{"count":36,"href":"https:\/\/vsgrossenzersdorf.ac.at\/index.php?rest_route=\/wp\/v2\/pages\/94\/revisions"}],"predecessor-version":[{"id":2888,"href":"https:\/\/vsgrossenzersdorf.ac.at\/index.php?rest_route=\/wp\/v2\/pages\/94\/revisions\/2888"}],"wp:attachment":[{"href":"https:\/\/vsgrossenzersdorf.ac.at\/index.php?rest_route=%2Fwp%2Fv2%2Fmedia&parent=94"}],"curies":[{"name":"wp","href":"https:\/\/api.w.org\/{rel}","templated":true}]}}