{"id":95,"date":"2018-11-24T22:00:44","date_gmt":"2018-11-24T22:00:44","guid":{"rendered":"http:\/\/vsgrossenzersdorf.ac.at\/?page_id=95"},"modified":"2025-01-07T10:13:44","modified_gmt":"2025-01-07T10:13:44","slug":"schulische-nachmittagsbetreuung","status":"publish","type":"page","link":"https:\/\/vsgrossenzersdorf.ac.at\/?page_id=95","title":{"rendered":"Schulische Tagesbetreuung"},"content":{"rendered":"<p><img loading=\"lazy\" decoding=\"async\" class=\"wp-image-1058 size-large alignright\" src=\"https:\/\/vsgrossenzersdorf.ac.at\/wp-content\/uploads\/2019\/09\/Fotos-Schulhaus-005-1024x384.jpg\" alt=\"\" width=\"750\" height=\"281\" srcset=\"https:\/\/vsgrossenzersdorf.ac.at\/wp-content\/uploads\/2019\/09\/Fotos-Schulhaus-005-1024x384.jpg 1024w, https:\/\/vsgrossenzersdorf.ac.at\/wp-content\/uploads\/2019\/09\/Fotos-Schulhaus-005-300x113.jpg 300w, https:\/\/vsgrossenzersdorf.ac.at\/wp-content\/uploads\/2019\/09\/Fotos-Schulhaus-005-768x288.jpg 768w\" sizes=\"auto, (max-width: 750px) 100vw, 750px\" \/><\/p>\n<p style=\"text-align: left;\"><span style=\"color: #5ab327; font-size: 12pt; font-family: 'trebuchet ms', geneva, sans-serif;\"><strong>Un<\/strong><strong>sere schulische Tagesbetreuung bietet den Kindern:<\/strong><\/span><\/p>\n<ul style=\"text-align: center;\">\n<li style=\"text-align: left;\"><span style=\"font-size: 12pt; font-family: 'trebuchet ms', geneva, sans-serif;\">Altersad\u00e4quate und attraktive Angebote im Bereich Spiel, Kreativit\u00e4t, Entspannung, Sport und Musik<\/span><\/li>\n<li style=\"text-align: left;\"><span style=\"font-size: 12pt; font-family: 'trebuchet ms', geneva, sans-serif;\">kompetente Betreuung durch fachlich ausgebildete P\u00e4dagogInnen<\/span><\/li>\n<li style=\"text-align: left;\"><span style=\"font-size: 12pt; font-family: 'trebuchet ms', geneva, sans-serif;\">gesunde, ausgewogene Mahlzeiten in gem\u00fctlicher Atmosph\u00e4re<\/span><\/li>\n<li style=\"text-align: left;\"><span style=\"font-size: 12pt; font-family: 'trebuchet ms', geneva, sans-serif;\">bestm\u00f6gliche individuelle F\u00f6rderung und Betreuung jedes einzelnen Kindes<\/span><\/li>\n<li style=\"text-align: left;\"><span style=\"font-size: 12pt; font-family: 'trebuchet ms', geneva, sans-serif;\">eine bed\u00fcrfnisorientierte Zeitstruktur<\/span><\/li>\n<li style=\"text-align: left;\"><span style=\"font-size: 12pt; font-family: 'trebuchet ms', geneva, sans-serif;\">ein Umfeld, in welchem soziale Kompetenzen erworben und gefestigt werden k\u00f6nnen<\/span><\/li>\n<li style=\"text-align: left;\"><span style=\"font-size: 12pt; font-family: 'trebuchet ms', geneva, sans-serif;\">eine famili\u00e4re und wertsch\u00e4tzende Atmosph\u00e4re<\/span><\/li>\n<li style=\"text-align: left;\"><span style=\"font-size: 12pt; font-family: 'trebuchet ms', geneva, sans-serif;\">Spiel &amp; Spa\u00df<\/span><\/li>\n<li style=\"text-align: left;\"><span style=\"font-size: 12pt; font-family: 'trebuchet ms', geneva, sans-serif;\">R\u00fcckzugsm\u00f6glichkeiten um Zeit f\u00fcr sich zu haben<\/span><\/li>\n<\/ul>\n<div id='gallery-1' class='gallery galleryid-95 gallery-columns-3 gallery-size-medium'><figure class='gallery-item'>\r\n    \t\t<div class='gallery-icon landscape'>\r\n    \t\t\t<a href='https:\/\/vsgrossenzersdorf.ac.at\/?attachment_id=2089'><img loading=\"lazy\" decoding=\"async\" width=\"300\" height=\"225\" src=\"https:\/\/vsgrossenzersdorf.ac.at\/wp-content\/uploads\/2023\/01\/IMG_1975-300x225.jpeg\" class=\"attachment-medium size-medium\" alt=\"\" srcset=\"https:\/\/vsgrossenzersdorf.ac.at\/wp-content\/uploads\/2023\/01\/IMG_1975-300x225.jpeg 300w, https:\/\/vsgrossenzersdorf.ac.at\/wp-content\/uploads\/2023\/01\/IMG_1975-1024x768.jpeg 1024w, https:\/\/vsgrossenzersdorf.ac.at\/wp-content\/uploads\/2023\/01\/IMG_1975-768x576.jpeg 768w, https:\/\/vsgrossenzersdorf.ac.at\/wp-content\/uploads\/2023\/01\/IMG_1975-1536x1152.jpeg 1536w, https:\/\/vsgrossenzersdorf.ac.at\/wp-content\/uploads\/2023\/01\/IMG_1975.jpeg 2048w\" sizes=\"auto, (max-width: 300px) 100vw, 300px\" \/><\/a>\r\n    \t\t<\/div><\/figure><figure class='gallery-item'>\r\n    \t\t<div class='gallery-icon landscape'>\r\n    \t\t\t<a href='https:\/\/vsgrossenzersdorf.ac.at\/?attachment_id=2084'><img loading=\"lazy\" decoding=\"async\" width=\"300\" height=\"225\" src=\"https:\/\/vsgrossenzersdorf.ac.at\/wp-content\/uploads\/2023\/01\/IMG_1962-300x225.jpeg\" class=\"attachment-medium size-medium\" alt=\"\" srcset=\"https:\/\/vsgrossenzersdorf.ac.at\/wp-content\/uploads\/2023\/01\/IMG_1962-300x225.jpeg 300w, https:\/\/vsgrossenzersdorf.ac.at\/wp-content\/uploads\/2023\/01\/IMG_1962-1024x768.jpeg 1024w, https:\/\/vsgrossenzersdorf.ac.at\/wp-content\/uploads\/2023\/01\/IMG_1962-768x576.jpeg 768w, https:\/\/vsgrossenzersdorf.ac.at\/wp-content\/uploads\/2023\/01\/IMG_1962-1536x1152.jpeg 1536w, https:\/\/vsgrossenzersdorf.ac.at\/wp-content\/uploads\/2023\/01\/IMG_1962.jpeg 2048w\" sizes=\"auto, (max-width: 300px) 100vw, 300px\" \/><\/a>\r\n    \t\t<\/div><\/figure><figure class='gallery-item'>\r\n    \t\t<div class='gallery-icon landscape'>\r\n    \t\t\t<a href='https:\/\/vsgrossenzersdorf.ac.at\/?attachment_id=2092'><img loading=\"lazy\" decoding=\"async\" width=\"300\" height=\"225\" src=\"https:\/\/vsgrossenzersdorf.ac.at\/wp-content\/uploads\/2023\/01\/IMG_1983-300x225.jpeg\" class=\"attachment-medium size-medium\" alt=\"\" srcset=\"https:\/\/vsgrossenzersdorf.ac.at\/wp-content\/uploads\/2023\/01\/IMG_1983-300x225.jpeg 300w, https:\/\/vsgrossenzersdorf.ac.at\/wp-content\/uploads\/2023\/01\/IMG_1983-1024x768.jpeg 1024w, https:\/\/vsgrossenzersdorf.ac.at\/wp-content\/uploads\/2023\/01\/IMG_1983-768x576.jpeg 768w, https:\/\/vsgrossenzersdorf.ac.at\/wp-content\/uploads\/2023\/01\/IMG_1983-1536x1152.jpeg 1536w, https:\/\/vsgrossenzersdorf.ac.at\/wp-content\/uploads\/2023\/01\/IMG_1983.jpeg 2048w\" sizes=\"auto, (max-width: 300px) 100vw, 300px\" \/><\/a>\r\n    \t\t<\/div><\/figure><figure class='gallery-item'>\r\n    \t\t<div class='gallery-icon landscape'>\r\n    \t\t\t<a href='https:\/\/vsgrossenzersdorf.ac.at\/?attachment_id=2093'><img loading=\"lazy\" decoding=\"async\" width=\"300\" height=\"225\" src=\"https:\/\/vsgrossenzersdorf.ac.at\/wp-content\/uploads\/2023\/01\/IMG_1984-300x225.jpeg\" class=\"attachment-medium size-medium\" alt=\"\" srcset=\"https:\/\/vsgrossenzersdorf.ac.at\/wp-content\/uploads\/2023\/01\/IMG_1984-300x225.jpeg 300w, https:\/\/vsgrossenzersdorf.ac.at\/wp-content\/uploads\/2023\/01\/IMG_1984-1024x768.jpeg 1024w, https:\/\/vsgrossenzersdorf.ac.at\/wp-content\/uploads\/2023\/01\/IMG_1984-768x576.jpeg 768w, https:\/\/vsgrossenzersdorf.ac.at\/wp-content\/uploads\/2023\/01\/IMG_1984-1536x1152.jpeg 1536w, https:\/\/vsgrossenzersdorf.ac.at\/wp-content\/uploads\/2023\/01\/IMG_1984.jpeg 2048w\" sizes=\"auto, (max-width: 300px) 100vw, 300px\" \/><\/a>\r\n    \t\t<\/div><\/figure><figure class='gallery-item'>\r\n    \t\t<div class='gallery-icon landscape'>\r\n    \t\t\t<a href='https:\/\/vsgrossenzersdorf.ac.at\/?attachment_id=2097'><img loading=\"lazy\" decoding=\"async\" width=\"300\" height=\"225\" src=\"https:\/\/vsgrossenzersdorf.ac.at\/wp-content\/uploads\/2023\/01\/IMG_1990-300x225.jpeg\" class=\"attachment-medium size-medium\" alt=\"\" srcset=\"https:\/\/vsgrossenzersdorf.ac.at\/wp-content\/uploads\/2023\/01\/IMG_1990-300x225.jpeg 300w, https:\/\/vsgrossenzersdorf.ac.at\/wp-content\/uploads\/2023\/01\/IMG_1990-1024x768.jpeg 1024w, https:\/\/vsgrossenzersdorf.ac.at\/wp-content\/uploads\/2023\/01\/IMG_1990-768x576.jpeg 768w, https:\/\/vsgrossenzersdorf.ac.at\/wp-content\/uploads\/2023\/01\/IMG_1990-1536x1152.jpeg 1536w, https:\/\/vsgrossenzersdorf.ac.at\/wp-content\/uploads\/2023\/01\/IMG_1990.jpeg 2048w\" sizes=\"auto, (max-width: 300px) 100vw, 300px\" \/><\/a>\r\n    \t\t<\/div><\/figure><figure class='gallery-item'>\r\n    \t\t<div class='gallery-icon landscape'>\r\n    \t\t\t<a href='https:\/\/vsgrossenzersdorf.ac.at\/?attachment_id=2098'><img loading=\"lazy\" decoding=\"async\" width=\"300\" height=\"225\" src=\"https:\/\/vsgrossenzersdorf.ac.at\/wp-content\/uploads\/2023\/01\/IMG_1995-300x225.jpeg\" class=\"attachment-medium size-medium\" alt=\"\" srcset=\"https:\/\/vsgrossenzersdorf.ac.at\/wp-content\/uploads\/2023\/01\/IMG_1995-300x225.jpeg 300w, https:\/\/vsgrossenzersdorf.ac.at\/wp-content\/uploads\/2023\/01\/IMG_1995-1024x768.jpeg 1024w, https:\/\/vsgrossenzersdorf.ac.at\/wp-content\/uploads\/2023\/01\/IMG_1995-768x576.jpeg 768w, https:\/\/vsgrossenzersdorf.ac.at\/wp-content\/uploads\/2023\/01\/IMG_1995-1536x1152.jpeg 1536w, https:\/\/vsgrossenzersdorf.ac.at\/wp-content\/uploads\/2023\/01\/IMG_1995.jpeg 2048w\" sizes=\"auto, (max-width: 300px) 100vw, 300px\" \/><\/a>\r\n    \t\t<\/div><\/figure><figure class='gallery-item'>\r\n    \t\t<div class='gallery-icon portrait'>\r\n    \t\t\t<a href='https:\/\/vsgrossenzersdorf.ac.at\/?attachment_id=2099'><img loading=\"lazy\" decoding=\"async\" width=\"225\" height=\"300\" src=\"https:\/\/vsgrossenzersdorf.ac.at\/wp-content\/uploads\/2023\/01\/IMG_1998-225x300.jpeg\" class=\"attachment-medium size-medium\" alt=\"\" srcset=\"https:\/\/vsgrossenzersdorf.ac.at\/wp-content\/uploads\/2023\/01\/IMG_1998-225x300.jpeg 225w, https:\/\/vsgrossenzersdorf.ac.at\/wp-content\/uploads\/2023\/01\/IMG_1998-768x1024.jpeg 768w, https:\/\/vsgrossenzersdorf.ac.at\/wp-content\/uploads\/2023\/01\/IMG_1998-1152x1536.jpeg 1152w, https:\/\/vsgrossenzersdorf.ac.at\/wp-content\/uploads\/2023\/01\/IMG_1998.jpeg 1536w\" sizes=\"auto, (max-width: 225px) 100vw, 225px\" \/><\/a>\r\n    \t\t<\/div><\/figure><figure class='gallery-item'>\r\n    \t\t<div class='gallery-icon portrait'>\r\n    \t\t\t<a href='https:\/\/vsgrossenzersdorf.ac.at\/?attachment_id=2100'><img loading=\"lazy\" decoding=\"async\" width=\"276\" height=\"300\" src=\"https:\/\/vsgrossenzersdorf.ac.at\/wp-content\/uploads\/2023\/01\/IMG_1999-e1672930693833-276x300.jpeg\" class=\"attachment-medium size-medium\" alt=\"\" srcset=\"https:\/\/vsgrossenzersdorf.ac.at\/wp-content\/uploads\/2023\/01\/IMG_1999-e1672930693833-276x300.jpeg 276w, https:\/\/vsgrossenzersdorf.ac.at\/wp-content\/uploads\/2023\/01\/IMG_1999-e1672930693833-942x1024.jpeg 942w, https:\/\/vsgrossenzersdorf.ac.at\/wp-content\/uploads\/2023\/01\/IMG_1999-e1672930693833-768x835.jpeg 768w, https:\/\/vsgrossenzersdorf.ac.at\/wp-content\/uploads\/2023\/01\/IMG_1999-e1672930693833-1414x1536.jpeg 1414w, https:\/\/vsgrossenzersdorf.ac.at\/wp-content\/uploads\/2023\/01\/IMG_1999-e1672930693833.jpeg 1536w\" sizes=\"auto, (max-width: 276px) 100vw, 276px\" \/><\/a>\r\n    \t\t<\/div><\/figure><figure class='gallery-item'>\r\n    \t\t<div class='gallery-icon portrait'>\r\n    \t\t\t<a href='https:\/\/vsgrossenzersdorf.ac.at\/?attachment_id=2103'><img loading=\"lazy\" decoding=\"async\" width=\"225\" height=\"300\" src=\"https:\/\/vsgrossenzersdorf.ac.at\/wp-content\/uploads\/2023\/01\/IMG_2013-225x300.jpeg\" class=\"attachment-medium size-medium\" alt=\"\" srcset=\"https:\/\/vsgrossenzersdorf.ac.at\/wp-content\/uploads\/2023\/01\/IMG_2013-225x300.jpeg 225w, https:\/\/vsgrossenzersdorf.ac.at\/wp-content\/uploads\/2023\/01\/IMG_2013-768x1024.jpeg 768w, https:\/\/vsgrossenzersdorf.ac.at\/wp-content\/uploads\/2023\/01\/IMG_2013-1152x1536.jpeg 1152w, https:\/\/vsgrossenzersdorf.ac.at\/wp-content\/uploads\/2023\/01\/IMG_2013.jpeg 1536w\" sizes=\"auto, (max-width: 225px) 100vw, 225px\" \/><\/a>\r\n    \t\t<\/div><\/figure><figure class='gallery-item'>\r\n    \t\t<div class='gallery-icon portrait'>\r\n    \t\t\t<a href='https:\/\/vsgrossenzersdorf.ac.at\/?attachment_id=2104'><img loading=\"lazy\" decoding=\"async\" width=\"225\" height=\"300\" src=\"https:\/\/vsgrossenzersdorf.ac.at\/wp-content\/uploads\/2023\/01\/IMG_2017-225x300.jpeg\" class=\"attachment-medium size-medium\" alt=\"\" srcset=\"https:\/\/vsgrossenzersdorf.ac.at\/wp-content\/uploads\/2023\/01\/IMG_2017-225x300.jpeg 225w, https:\/\/vsgrossenzersdorf.ac.at\/wp-content\/uploads\/2023\/01\/IMG_2017-768x1024.jpeg 768w, https:\/\/vsgrossenzersdorf.ac.at\/wp-content\/uploads\/2023\/01\/IMG_2017-1152x1536.jpeg 1152w, https:\/\/vsgrossenzersdorf.ac.at\/wp-content\/uploads\/2023\/01\/IMG_2017.jpeg 1536w\" sizes=\"auto, (max-width: 225px) 100vw, 225px\" \/><\/a>\r\n    \t\t<\/div><\/figure><figure class='gallery-item'>\r\n    \t\t<div class='gallery-icon landscape'>\r\n    \t\t\t<a href='https:\/\/vsgrossenzersdorf.ac.at\/?attachment_id=2105'><img loading=\"lazy\" decoding=\"async\" width=\"300\" height=\"225\" src=\"https:\/\/vsgrossenzersdorf.ac.at\/wp-content\/uploads\/2023\/01\/IMG_2020-300x225.jpeg\" class=\"attachment-medium size-medium\" alt=\"\" srcset=\"https:\/\/vsgrossenzersdorf.ac.at\/wp-content\/uploads\/2023\/01\/IMG_2020-300x225.jpeg 300w, https:\/\/vsgrossenzersdorf.ac.at\/wp-content\/uploads\/2023\/01\/IMG_2020-1024x768.jpeg 1024w, https:\/\/vsgrossenzersdorf.ac.at\/wp-content\/uploads\/2023\/01\/IMG_2020-768x576.jpeg 768w, https:\/\/vsgrossenzersdorf.ac.at\/wp-content\/uploads\/2023\/01\/IMG_2020-1536x1152.jpeg 1536w, https:\/\/vsgrossenzersdorf.ac.at\/wp-content\/uploads\/2023\/01\/IMG_2020.jpeg 2048w\" sizes=\"auto, (max-width: 300px) 100vw, 300px\" \/><\/a>\r\n    \t\t<\/div><\/figure><figure class='gallery-item'>\r\n    \t\t<div class='gallery-icon portrait'>\r\n    \t\t\t<a href='https:\/\/vsgrossenzersdorf.ac.at\/?attachment_id=2111'><img loading=\"lazy\" decoding=\"async\" width=\"225\" height=\"300\" src=\"https:\/\/vsgrossenzersdorf.ac.at\/wp-content\/uploads\/2023\/01\/IMG_2032-225x300.jpeg\" class=\"attachment-medium size-medium\" alt=\"\" srcset=\"https:\/\/vsgrossenzersdorf.ac.at\/wp-content\/uploads\/2023\/01\/IMG_2032-225x300.jpeg 225w, https:\/\/vsgrossenzersdorf.ac.at\/wp-content\/uploads\/2023\/01\/IMG_2032-768x1024.jpeg 768w, https:\/\/vsgrossenzersdorf.ac.at\/wp-content\/uploads\/2023\/01\/IMG_2032-1152x1536.jpeg 1152w, https:\/\/vsgrossenzersdorf.ac.at\/wp-content\/uploads\/2023\/01\/IMG_2032.jpeg 1536w\" sizes=\"auto, (max-width: 225px) 100vw, 225px\" \/><\/a>\r\n    \t\t<\/div><\/figure><figure class='gallery-item'>\r\n    \t\t<div class='gallery-icon landscape'>\r\n    \t\t\t<a href='https:\/\/vsgrossenzersdorf.ac.at\/?attachment_id=2115'><img loading=\"lazy\" decoding=\"async\" width=\"300\" height=\"225\" src=\"https:\/\/vsgrossenzersdorf.ac.at\/wp-content\/uploads\/2023\/01\/IMG_2042-300x225.jpeg\" class=\"attachment-medium size-medium\" alt=\"\" srcset=\"https:\/\/vsgrossenzersdorf.ac.at\/wp-content\/uploads\/2023\/01\/IMG_2042-300x225.jpeg 300w, https:\/\/vsgrossenzersdorf.ac.at\/wp-content\/uploads\/2023\/01\/IMG_2042-1024x768.jpeg 1024w, https:\/\/vsgrossenzersdorf.ac.at\/wp-content\/uploads\/2023\/01\/IMG_2042-768x576.jpeg 768w, https:\/\/vsgrossenzersdorf.ac.at\/wp-content\/uploads\/2023\/01\/IMG_2042-1536x1152.jpeg 1536w, https:\/\/vsgrossenzersdorf.ac.at\/wp-content\/uploads\/2023\/01\/IMG_2042.jpeg 2048w\" sizes=\"auto, (max-width: 300px) 100vw, 300px\" \/><\/a>\r\n    \t\t<\/div><\/figure><figure class='gallery-item'>\r\n    \t\t<div class='gallery-icon landscape'>\r\n    \t\t\t<a href='https:\/\/vsgrossenzersdorf.ac.at\/?attachment_id=2116'><img loading=\"lazy\" decoding=\"async\" width=\"300\" height=\"225\" src=\"https:\/\/vsgrossenzersdorf.ac.at\/wp-content\/uploads\/2023\/01\/IMG_2044-300x225.jpeg\" class=\"attachment-medium size-medium\" alt=\"\" srcset=\"https:\/\/vsgrossenzersdorf.ac.at\/wp-content\/uploads\/2023\/01\/IMG_2044-300x225.jpeg 300w, https:\/\/vsgrossenzersdorf.ac.at\/wp-content\/uploads\/2023\/01\/IMG_2044-1024x768.jpeg 1024w, https:\/\/vsgrossenzersdorf.ac.at\/wp-content\/uploads\/2023\/01\/IMG_2044-768x576.jpeg 768w, https:\/\/vsgrossenzersdorf.ac.at\/wp-content\/uploads\/2023\/01\/IMG_2044-1536x1152.jpeg 1536w, https:\/\/vsgrossenzersdorf.ac.at\/wp-content\/uploads\/2023\/01\/IMG_2044.jpeg 2048w\" sizes=\"auto, (max-width: 300px) 100vw, 300px\" \/><\/a>\r\n    \t\t<\/div><\/figure><figure class='gallery-item'>\r\n    \t\t<div class='gallery-icon landscape'>\r\n    \t\t\t<a href='https:\/\/vsgrossenzersdorf.ac.at\/?attachment_id=2118'><img loading=\"lazy\" decoding=\"async\" width=\"300\" height=\"225\" src=\"https:\/\/vsgrossenzersdorf.ac.at\/wp-content\/uploads\/2023\/01\/IMG_2046-300x225.jpeg\" class=\"attachment-medium size-medium\" alt=\"\" srcset=\"https:\/\/vsgrossenzersdorf.ac.at\/wp-content\/uploads\/2023\/01\/IMG_2046-300x225.jpeg 300w, https:\/\/vsgrossenzersdorf.ac.at\/wp-content\/uploads\/2023\/01\/IMG_2046-1024x768.jpeg 1024w, https:\/\/vsgrossenzersdorf.ac.at\/wp-content\/uploads\/2023\/01\/IMG_2046-768x576.jpeg 768w, https:\/\/vsgrossenzersdorf.ac.at\/wp-content\/uploads\/2023\/01\/IMG_2046-1536x1152.jpeg 1536w, https:\/\/vsgrossenzersdorf.ac.at\/wp-content\/uploads\/2023\/01\/IMG_2046.jpeg 2048w\" sizes=\"auto, (max-width: 300px) 100vw, 300px\" \/><\/a>\r\n    \t\t<\/div><\/figure>\r\n    \t<\/div>\n\n<p style=\"text-align: left;\"><span style=\"font-family: 'trebuchet ms', geneva, sans-serif; font-size: 12pt;\"><strong><span style=\"color: #5ab327;\">P\u00e4dagogische Zielsetzungen<\/span><\/strong><\/span><\/p>\n<ul style=\"text-align: left;\">\n<li><span style=\"font-size: 12pt; font-family: 'trebuchet ms', geneva, sans-serif;\">F\u00f6rderung der Selbstst\u00e4ndigkeit<\/span><\/li>\n<li><span style=\"font-size: 12pt; font-family: 'trebuchet ms', geneva, sans-serif;\">F\u00f6rderung der schulischen Entwicklung<\/span><\/li>\n<li><span style=\"font-size: 12pt; font-family: 'trebuchet ms', geneva, sans-serif;\">Entwicklung und Entfaltung der eigenen Pers\u00f6nlichkeit<\/span><\/li>\n<li><span style=\"font-size: 12pt; font-family: 'trebuchet ms', geneva, sans-serif;\">Entfaltung der F\u00e4higkeiten und Talente<\/span><\/li>\n<li><span style=\"font-size: 12pt; font-family: 'trebuchet ms', geneva, sans-serif;\">Entwicklung von sozialen F\u00e4higkeiten und Selbststeuerung<\/span><\/li>\n<li><span style=\"font-size: 12pt; font-family: 'trebuchet ms', geneva, sans-serif;\">Selbstst\u00e4ndiges Lernen und Handeln<\/span><\/li>\n<\/ul>\n<p style=\"text-align: left;\"><span style=\"font-size: 12pt; font-family: 'trebuchet ms', geneva, sans-serif;\">Um die Selbstst\u00e4ndigkeit der Kinder zu f\u00f6rdern, werden freie Spielphasen angeboten. Die Kinder sollen sich frei entfalten k\u00f6nnen. Schwerpunktprogramme bilden unsere Hobbygruppen.<\/span><\/p>\n<p style=\"text-align: left;\"><span style=\"font-size: 12pt;\">\u00a0<\/span><\/p>\n","protected":false},"excerpt":{"rendered":"<p>Unsere schulische Tagesbetreuung bietet den Kindern: Altersad\u00e4quate und attraktive Angebote im Bereich Spiel, Kreativit\u00e4t, Entspannung, Sport und Musik kompetente Betreuung durch fachlich ausgebildete P\u00e4dagogInnen gesunde, &hellip; <\/p>\n","protected":false},"author":2,"featured_media":0,"parent":0,"menu_order":0,"comment_status":"closed","ping_status":"closed","template":"","meta":{"footnotes":""},"class_list":["post-95","page","type-page","status-publish","hentry"],"_links":{"self":[{"href":"https:\/\/vsgrossenzersdorf.ac.at\/index.php?rest_route=\/wp\/v2\/pages\/95","targetHints":{"allow":["GET"]}}],"collection":[{"href":"https:\/\/vsgrossenzersdorf.ac.at\/index.php?rest_route=\/wp\/v2\/pages"}],"about":[{"href":"https:\/\/vsgrossenzersdorf.ac.at\/index.php?rest_route=\/wp\/v2\/types\/page"}],"author":[{"embeddable":true,"href":"https:\/\/vsgrossenzersdorf.ac.at\/index.php?rest_route=\/wp\/v2\/users\/2"}],"replies":[{"embeddable":true,"href":"https:\/\/vsgrossenzersdorf.ac.at\/index.php?rest_route=%2Fwp%2Fv2%2Fcomments&post=95"}],"version-history":[{"count":31,"href":"https:\/\/vsgrossenzersdorf.ac.at\/index.php?rest_route=\/wp\/v2\/pages\/95\/revisions"}],"predecessor-version":[{"id":2867,"href":"https:\/\/vsgrossenzersdorf.ac.at\/index.php?rest_route=\/wp\/v2\/pages\/95\/revisions\/2867"}],"wp:attachment":[{"href":"https:\/\/vsgrossenzersdorf.ac.at\/index.php?rest_route=%2Fwp%2Fv2%2Fmedia&parent=95"}],"curies":[{"name":"wp","href":"https:\/\/api.w.org\/{rel}","templated":true}]}}