{"id":96,"date":"2018-11-24T22:00:44","date_gmt":"2018-11-24T22:00:44","guid":{"rendered":"http:\/\/vsgrossenzersdorf.ac.at\/?page_id=96"},"modified":"2024-11-22T11:34:25","modified_gmt":"2024-11-22T11:34:25","slug":"kontakt","status":"publish","type":"page","link":"https:\/\/vsgrossenzersdorf.ac.at\/?page_id=96","title":{"rendered":"Kontakt"},"content":{"rendered":"\r\n<div class=\"wp-block-image\">\r\n<figure class=\"aligncenter\"><img loading=\"lazy\" decoding=\"async\" width=\"448\" height=\"299\" class=\"wp-image-279 alignleft\" src=\"http:\/\/vsgrossenzersdorf.ac.at\/wp-content\/uploads\/2018\/12\/Kontakt-1.jpg\" alt=\"\" srcset=\"https:\/\/vsgrossenzersdorf.ac.at\/wp-content\/uploads\/2018\/12\/Kontakt-1.jpg 448w, https:\/\/vsgrossenzersdorf.ac.at\/wp-content\/uploads\/2018\/12\/Kontakt-1-300x200.jpg 300w\" sizes=\"auto, (max-width: 448px) 100vw, 448px\" \/><\/figure>\r\n<\/div>\r\n\r\n<p style=\"text-align: left;\"><span style=\"font-family: 'trebuchet ms', geneva, sans-serif; font-size: 14pt;\"><strong>Volksschule Gro\u00df-Enzersdorf<\/strong><\/span><\/p>\r\n<p style=\"text-align: left;\"><span style=\"font-family: 'trebuchet ms', geneva, sans-serif; font-size: 14pt;\"><strong>Kaiser Franz Josef-Stra\u00dfe 8<\/strong><\/span><\/p>\r\n<p style=\"text-align: left;\"><span style=\"font-family: 'trebuchet ms', geneva, sans-serif; font-size: 14pt;\"><strong>2301 Gro\u00df-Enzersdorf<\/strong><\/span><\/p>\r\n<p style=\"text-align: left;\"><span style=\"font-family: 'trebuchet ms', geneva, sans-serif; font-size: 14pt;\"><strong>02249 2585<\/strong><\/span><\/p>\r\n<p style=\"text-align: left;\"><span style=\"font-size: 14pt; font-family: 'trebuchet ms', geneva, sans-serif;\"><strong>Lehrerzimmer:<\/strong> 02249 258533<\/span><\/p>\r\n<p style=\"text-align: left;\"><a style=\"font-family: 'trebuchet ms', geneva, sans-serif; font-size: 18.6667px; text-align: center;\" href=\"mailto:vs.gross-enzersdorf@noeschule.at\" target=\"_blank\" rel=\"noopener noreferrer\">vs.gross-enzersdorf@noeschule.at<\/a><\/p>\r\n<p style=\"text-align: left;\"><span style=\"font-size: 14pt; font-family: 'trebuchet ms', geneva, sans-serif;\"><strong>Schulwart:<\/strong> 02249 258522<\/span><\/p>\r\n<p style=\"text-align: left;\"><span style=\"font-size: 14pt;\"><span style=\"font-family: 'trebuchet ms', geneva, sans-serif;\"><strong>Schulische Tagesbetreuung: <\/strong><\/span><span style=\"font-family: 'trebuchet ms', geneva, sans-serif;\">0664 88 94 85 40<\/span><\/span><\/p>\r\n<p style=\"text-align: left;\"><span style=\"font-family: 'trebuchet ms', geneva, sans-serif;\"><a href=\"mailto:tb.gross-enzersdorf@gross-enzersdorf.gv.at\">tb.gross-enzersdorf@gross-enzersdorf.gv.at<\/a><\/span><\/p>\r\n<p style=\"text-align: center;\"><iframe loading=\"lazy\" style=\"border: 0px currentColor;\" src=\"https:\/\/www.google.com\/maps\/embed?pb=!1m18!1m12!1m3!1d3323.674639245294!2d16.544327477012764!3d48.1995616300889!2m3!1f0!2f0!3f0!3m2!1i1024!2i768!4f13.1!3m3!1m2!1s0x476cffd61b6e870b%3A0xfa8b978ca39a33ea!2sVolksschule+Gro%C3%9F-Enzersdorf!5e0!3m2!1sen!2sat!4v1543158669263\" width=\"600\" height=\"450\" frameborder=\"0\" allowfullscreen=\"allowfullscreen\"><\/iframe><\/p>\r\n<p style=\"text-align: center;\"><span style=\"font-family: 'trebuchet ms', geneva, sans-serif;\"><a href=\"https:\/\/www.google.com\/maps\/dir\/\/Volksschule+Gro%C3%9F-Enzersdorf,+Kaiser+Franz+Josef-Stra%C3%9Fe+8,+2301+Gro%C3%9F-Enzersdorf\/@48.2011186,16.5446524,14.63z\/data=!4m8!4m7!1m0!1m5!1m1!1s0x476cffd61b6e870b:0xfa8b978ca39a33ea!2m2!1d16.5468217!2d48.1992008?hl=en\"><span style=\"font-size: 18pt;\">Jetzt Route berechnen!<\/span><\/a><\/span><\/p>","protected":false},"excerpt":{"rendered":"<p>Volksschule Gro\u00df-Enzersdorf Kaiser Franz Josef-Stra\u00dfe 8 2301 Gro\u00df-Enzersdorf 02249 2585 Lehrerzimmer: 02249 258533 vs.gross-enzersdorf@noeschule.at Schulwart: 02249 258522 Schulische Tagesbetreuung: 0664 88 94 85 40 tb.gross-enzersdorf@gross-enzersdorf.gv.at &hellip; <\/p>\n","protected":false},"author":2,"featured_media":0,"parent":0,"menu_order":0,"comment_status":"closed","ping_status":"closed","template":"","meta":{"footnotes":""},"class_list":["post-96","page","type-page","status-publish","hentry"],"_links":{"self":[{"href":"https:\/\/vsgrossenzersdorf.ac.at\/index.php?rest_route=\/wp\/v2\/pages\/96","targetHints":{"allow":["GET"]}}],"collection":[{"href":"https:\/\/vsgrossenzersdorf.ac.at\/index.php?rest_route=\/wp\/v2\/pages"}],"about":[{"href":"https:\/\/vsgrossenzersdorf.ac.at\/index.php?rest_route=\/wp\/v2\/types\/page"}],"author":[{"embeddable":true,"href":"https:\/\/vsgrossenzersdorf.ac.at\/index.php?rest_route=\/wp\/v2\/users\/2"}],"replies":[{"embeddable":true,"href":"https:\/\/vsgrossenzersdorf.ac.at\/index.php?rest_route=%2Fwp%2Fv2%2Fcomments&post=96"}],"version-history":[{"count":18,"href":"https:\/\/vsgrossenzersdorf.ac.at\/index.php?rest_route=\/wp\/v2\/pages\/96\/revisions"}],"predecessor-version":[{"id":2708,"href":"https:\/\/vsgrossenzersdorf.ac.at\/index.php?rest_route=\/wp\/v2\/pages\/96\/revisions\/2708"}],"wp:attachment":[{"href":"https:\/\/vsgrossenzersdorf.ac.at\/index.php?rest_route=%2Fwp%2Fv2%2Fmedia&parent=96"}],"curies":[{"name":"wp","href":"https:\/\/api.w.org\/{rel}","templated":true}]}}